{"id":2103,"date":"2021-03-23T04:33:54","date_gmt":"2021-03-23T04:33:54","guid":{"rendered":"http:\/\/localhost\/nuss\/?page_id=103"},"modified":"2026-02-14T03:44:42","modified_gmt":"2026-02-14T03:44:42","slug":"uber-uns","status":"publish","type":"page","link":"https:\/\/chimelongoceankingdom.com\/de\/uber-uns\/","title":{"rendered":"\u00dcber uns"},"content":{"rendered":"<div data-elementor-type=\"wp-page\" data-elementor-id=\"2103\" class=\"elementor elementor-2103\" data-elementor-post-type=\"page\">\n\t\t\t\t\t\t<section class=\"elementor-section elementor-top-section elementor-element elementor-element-8f5bb9d elementor-section-boxed elementor-section-gap-beside-yes elementor-section-height-default elementor-section-height-default elementor-section-column-vertical-align-stretch\" data-id=\"8f5bb9d\" data-element_type=\"section\" data-e-type=\"section\">\n\t\t\t\t\t\t<div class=\"elementor-container elementor-column-gap-extended\">\n\t\t\t\t\t<div class=\"elementor-column elementor-col-100 elementor-top-column elementor-element elementor-element-7ec4215\" data-id=\"7ec4215\" data-element_type=\"column\" data-e-type=\"column\">\n\t\t\t<div class=\"elementor-widget-wrap elementor-element-populated\">\n\t\t\t\t\t\t<div class=\"elementor-element elementor-element-edd9d03 elementor-widget__width-initial elementor-invisible elementor-widget elementor-widget-text-editor\" data-id=\"edd9d03\" data-element_type=\"widget\" data-e-type=\"widget\" data-settings=\"{&quot;_animation&quot;:&quot;nussFadeInUp&quot;}\" data-widget_type=\"text-editor.default\">\n\t\t\t\t\t\t\t\t\t<p><strong class=\"qwen-markdown-strong\"><span class=\"qwen-markdown-text\">Entdecken Sie den gr\u00f6\u00dften Meeres-Themenpark der Welt: Chimelong Ocean Kingdom in Zhuhai \u2013 wo ozeanische Wunder, Nervenkitzel der Extraklasse und Naturschutz lebendig werden.<\/span><\/strong><\/p>\t\t\t\t\t\t\t\t<\/div>\n\t\t\t\t\t<\/div>\n\t\t<\/div>\n\t\t\t\t\t<\/div>\n\t\t<\/section>\n\t\t<div class=\"elementor-element elementor-element-673ae88 e-flex e-con-boxed e-con e-parent\" data-id=\"673ae88\" data-element_type=\"container\" data-e-type=\"container\">\n\t\t\t\t\t<div class=\"e-con-inner\">\n\t\t\t\t<div class=\"elementor-element elementor-element-25a9a33 elementor-widget elementor-widget-text-editor\" data-id=\"25a9a33\" data-element_type=\"widget\" data-e-type=\"widget\" data-widget_type=\"text-editor.default\">\n\t\t\t\t\t\t\t\t\t<div class=\"response-message-content t2t phase-answer\"><div class=\"custom-qwen-markdown\"><div class=\"qwen-markdown qwen-markdown-loose\"><div class=\"qwen-markdown-space\">\u00a0<\/div><div class=\"qwen-markdown-paragraph\"><span class=\"qwen-markdown-text\">Eingebettet in die unber\u00fchrte K\u00fcstenlinie von <\/span><strong class=\"qwen-markdown-strong\"><span class=\"qwen-markdown-text\">Fuxiang-Bucht im neuen Bezirk Hengqin, Stadt Zhuhai<\/span><\/strong><span class=\"qwen-markdown-text\">, Die <\/span><strong class=\"qwen-markdown-strong\"><span class=\"qwen-markdown-text\">Chimelong Ocean Kingdom<\/span><\/strong><span class=\"qwen-markdown-text\"> (Teil des weitl\u00e4ufigen <\/span><strong class=\"qwen-markdown-strong\"><span class=\"qwen-markdown-text\">Zhuhai Changlong Resort<\/span><\/strong><span class=\"qwen-markdown-text\">) ist nicht nur ein Vergn\u00fcgungspark \u2013 es ist ein <\/span><em><span class=\"qwen-markdown-text\">Symphonie des lebendigen Ozeans<\/span><\/em><span class=\"qwen-markdown-text\"> wo Wissenschaft, Storytelling, Nachhaltigkeit und Spektakel zu einem unvergesslichen Erlebnis verschmelzen. <\/span><strong class=\"qwen-markdown-strong\"><span class=\"qwen-markdown-text\">gr\u00f6\u00dfter Meerespark der Welt<\/span><\/strong><span class=\"qwen-markdown-text\">Das Chimelong Ocean Kingdom erstreckt sich \u00fcber eine Fl\u00e4che von mehr als 5,25 Millionen Quadratmetern und definiert neu, was ein Themenpark sein kann: ein Schutzgebiet f\u00fcr bedrohte Arten, eine B\u00fchne f\u00fcr beeindruckende Darbietungen, ein Spielplatz f\u00fcr Adrenalinjunkies und ein Klassenzimmer f\u00fcr die n\u00e4chste Generation von Meeresw\u00e4chtern.<\/span><\/div><div class=\"qwen-markdown-space\">\u00a0<\/div><div class=\"qwen-markdown-paragraph\"><span class=\"qwen-markdown-text\">Befindet sich in <\/span><strong class=\"qwen-markdown-strong\"><span class=\"qwen-markdown-text\">Zhuhai Changlong Resort, Fuxiang Bay, Neuer Bezirk Hengqin, Stadt Zhuhai, Provinz Guangdong, China<\/span><\/strong><span class=\"qwen-markdown-text\">, Dieses legend\u00e4re Reiseziel liegt im Herzen der Greater Bay Area, nur 40 Autominuten von Macau und 1 Stunde vom internationalen Flughafen Hongkong entfernt \u2013 und ist somit m\u00fchelos erreichbar f\u00fcr internationale Reisende, die ein einzigartiges chinesisches und gleichzeitig global bedeutsames Abenteuer suchen.<\/span><\/div><div class=\"qwen-markdown-space\">\u00a0<\/div><div class=\"qwen-markdown-paragraph\"><span class=\"qwen-markdown-text\">Hier begeben Sie sich auf eine Reise durch <\/span><strong class=\"qwen-markdown-strong\"><span class=\"qwen-markdown-text\">acht immersive Themenzonen<\/span><\/strong><span class=\"qwen-markdown-text\">, von der Ehrfurcht gebietenden <\/span><strong class=\"qwen-markdown-strong\"><span class=\"qwen-markdown-text\">Walhai-Aquarium<\/span><\/strong><span class=\"qwen-markdown-text\">\u2014Heimat des gr\u00f6\u00dften Aquariums der Welt und sanfter Riesen wie Walhaien und Mantarochen \u2014 bis hin zur eisigen Majest\u00e4t von <\/span><strong class=\"qwen-markdown-strong\"><span class=\"qwen-markdown-text\">Polarhorizont<\/span><\/strong><span class=\"qwen-markdown-text\">, Dort gedeihen gerettete Eisb\u00e4ren, Belugas und Pinguine in sorgf\u00e4ltig nachgebildeten arktischen Lebensr\u00e4umen. Sie werden auf dem <\/span><strong class=\"qwen-markdown-strong\"><span class=\"qwen-markdown-text\">Papageien-Untersetzer<\/span><\/strong><span class=\"qwen-markdown-text\"> Durch simulierte Regenwaldkronen hindurch in den Abgrund st\u00fcrzen auf dem <\/span><strong class=\"qwen-markdown-strong\"><span class=\"qwen-markdown-text\">Turm der Seeungeheuer<\/span><\/strong><span class=\"qwen-markdown-text\">, und erleben Sie die Magie des <\/span><strong class=\"qwen-markdown-strong\"><span class=\"qwen-markdown-text\">Lichterparade im Ozeank\u00f6nigreich<\/span><\/strong><span class=\"qwen-markdown-text\">, wo solarbetriebene Schwimmk\u00f6rper aus recyceltem Meeresplastik die Nacht mit biolumineszentem Wunderlicht erhellen.<\/span><\/div><div class=\"qwen-markdown-space\">\u00a0<\/div><div class=\"qwen-markdown-paragraph\"><span class=\"qwen-markdown-text\">Was Chimelong Ocean Kingdom aber wirklich auszeichnet, ist sein unersch\u00fctterliches Engagement f\u00fcr <\/span><strong class=\"qwen-markdown-strong\"><span class=\"qwen-markdown-text\">Naturschutz als Unterhaltung<\/span><\/strong><span class=\"qwen-markdown-text\">. Jede Attraktion, jede Show und jede Ausstellung ist so gestaltet, dass sie nicht nur begeistert, sondern auch zum Handeln anregt:<\/span><br \/><span class=\"qwen-markdown-text\">\u2705 \u00dcbernimm symbolisch die Patenschaft f\u00fcr eine gerettete Meeresschildkr\u00f6te, Seekuh oder ein Walross.<\/span><br \/><span class=\"qwen-markdown-text\">\u2705 Verfolgen Sie die Korallenrestaurierung in Echtzeit \u00fcber interaktive Kioske.<\/span><br \/><span class=\"qwen-markdown-text\">\u2705 Beteiligen Sie sich an \u201cAdopt-a-Habitat\u201d-Programmen, die die Wiederherstellung von Seegraswiesen finanzieren.<\/span><br \/><span class=\"qwen-markdown-text\">\u2705 Erfahrungsshows wie <\/span><em><span class=\"qwen-markdown-text\">Symphonie des Ozeans<\/span><\/em><span class=\"qwen-markdown-text\"> Und <\/span><em><span class=\"qwen-markdown-text\">Tiefsee-Odyssee<\/span><\/em><span class=\"qwen-markdown-text\">\u2014wo Projektionsmapping, Live-Orchestrierung und Umgebungsdaten das Geschichtenerz\u00e4hlen in verantwortungsvolles Handeln verwandeln <\/span><\/div><div class=\"qwen-markdown-space\">\u00a0<\/div><div class=\"qwen-markdown-paragraph\"><span class=\"qwen-markdown-text\">Saisonale Feste wie das lebhafte <\/span><strong class=\"qwen-markdown-strong\"><span class=\"qwen-markdown-text\">Fr\u00fchlingsparade<\/span><\/strong><span class=\"qwen-markdown-text\">, der romantische <\/span><strong class=\"qwen-markdown-strong\"><span class=\"qwen-markdown-text\">Abendfeuerwerk \u00fcber der Oceanic Bay<\/span><\/strong><span class=\"qwen-markdown-text\">, und die exklusive <\/span><strong class=\"qwen-markdown-strong\"><span class=\"qwen-markdown-text\">\u201cVerw\u00f6hnfestival\u201d<\/span><\/strong><span class=\"qwen-markdown-text\"> Die vier luxuri\u00f6sen Themenhotels des Resorts machen den Aufenthalt zu einem ganzheitlichen Fest der Erneuerung, Freude und Verbundenheit \u2013 mit besonderem Zugang zu jungen Orcas an Bord der <\/span><strong class=\"qwen-markdown-strong\"><span class=\"qwen-markdown-text\">Chimelong-Raumschiff<\/span><\/strong><span class=\"qwen-markdown-text\">, Fotom\u00f6glichkeiten mit Meerjungfrauen-Thema und das Spektakul\u00e4re <\/span><em><span class=\"qwen-markdown-text\">Chimelong Show<\/span><\/em><span class=\"qwen-markdown-text\"> am angrenzenden <\/span><strong class=\"qwen-markdown-strong\"><span class=\"qwen-markdown-text\">Chimelong-Theater in Zhuhai<\/span><\/strong><span class=\"qwen-markdown-text\">.<\/span><\/div><div class=\"qwen-markdown-space\">\u00a0<\/div><div class=\"qwen-markdown-paragraph\"><span class=\"qwen-markdown-text\">Ob Sie als Familie auf der Suche nach Wundern sind, als Adrenalinjunkie den Nervenkitzel suchen, als Natursch\u00fctzer von zweckorientiertem Design begeistert sind oder als Reisender authentische kulturelle Erlebnisse in Verbindung mit erstklassiger Unterhaltung erleben m\u00f6chten \u2013<\/span><strong class=\"qwen-markdown-strong\"><span class=\"qwen-markdown-text\">Chimelong Ocean Kingdom<\/span><\/strong><span class=\"qwen-markdown-text\"> Es liefert mehr als nur Erinnerungen. Es bietet \u2026 <\/span><em><span class=\"qwen-markdown-text\">Bewegung<\/span><\/em><span class=\"qwen-markdown-text\">: ein Aufruf zum Schutz unseres blauen Planeten, ein freudiger, intensiver, unvergesslicher Moment nach dem anderen.<\/span><\/div><div class=\"qwen-markdown-space\">\u00a0<\/div><div class=\"qwen-markdown-paragraph\"><span class=\"qwen-markdown-text\">\ud83d\udccd <\/span><strong class=\"qwen-markdown-strong\"><span class=\"qwen-markdown-text\">Adresse<\/span><\/strong><span class=\"qwen-markdown-text\">: Zhuhai Changlong Resort, Fuxiang Bay, Neuer Bezirk Hengqin, Stadt Zhuhai, Provinz Guangdong, China<\/span><br \/><span class=\"qwen-markdown-text\">\ud83c\udf10 <\/span><strong class=\"qwen-markdown-strong\"><span class=\"qwen-markdown-text\">Warum sollten Sie uns besuchen?<\/span><\/strong><span class=\"qwen-markdown-text\"> Denn die Zukunft der Freizeitparks liegt nicht nur im Vergn\u00fcgen \u2013 sie geht auch um Bedeutung. Und im Chimelong Ocean Kingdom umgibt dich das Meer nicht nur \u2026 es spricht zu dir. \ud83c\udf0a\ud83d\udc2c\u2728<\/span><\/div><div class=\"qwen-markdown-space\">\u00a0<\/div><div class=\"qwen-markdown-paragraph\" data-spm-anchor-id=\"a2ty_o01.29997173.0.i9.61885171i3p6Ei\"><em><span class=\"qwen-markdown-text\">Bereit f\u00fcr mehr Abenteuer? Entdecken Sie Ticketpakete, saisonale Events und Insider-Tipps f\u00fcr Ihr perfektes Zhuhai-Abenteuer \u2013 wo jede Welle eine Geschichte erz\u00e4hlt und jeder Besuch die Welt ein St\u00fcck besser macht.<\/span><\/em><\/div><\/div><\/div><\/div>\t\t\t\t\t\t\t\t<\/div>\n\t\t\t\t\t<\/div>\n\t\t\t\t<\/div>\n\t\t\t\t<\/div>","protected":false},"excerpt":{"rendered":"<p>Discover the World\u2019s Largest Marine Theme Park: Chimelong Ocean Kingdom in Zhuhai \u2014 Where Oceanic Wonder, Cutting-Edge Thrills, and Conservation Come Alive \u00a0Nestled along the pristine coastline of Fuxiang Bay in Hengqin New District, Zhuhai City, the Chimelong Ocean Kingdom (part of the expansive Zhuhai Changlong Resort) isn\u2019t just an amusement park\u2014it\u2019s a living ocean [&hellip;]<\/p>\n","protected":false},"author":1,"featured_media":0,"parent":0,"menu_order":0,"comment_status":"closed","ping_status":"closed","template":"elementor_header_footer","meta":{"footnotes":""},"class_list":["post-2103","page","type-page","status-publish","hentry","post-no-thumbnail"],"_links":{"self":[{"href":"https:\/\/chimelongoceankingdom.com\/de\/wp-json\/wp\/v2\/pages\/2103","targetHints":{"allow":["GET"]}}],"collection":[{"href":"https:\/\/chimelongoceankingdom.com\/de\/wp-json\/wp\/v2\/pages"}],"about":[{"href":"https:\/\/chimelongoceankingdom.com\/de\/wp-json\/wp\/v2\/types\/page"}],"author":[{"embeddable":true,"href":"https:\/\/chimelongoceankingdom.com\/de\/wp-json\/wp\/v2\/users\/1"}],"replies":[{"embeddable":true,"href":"https:\/\/chimelongoceankingdom.com\/de\/wp-json\/wp\/v2\/comments?post=2103"}],"version-history":[{"count":0,"href":"https:\/\/chimelongoceankingdom.com\/de\/wp-json\/wp\/v2\/pages\/2103\/revisions"}],"wp:attachment":[{"href":"https:\/\/chimelongoceankingdom.com\/de\/wp-json\/wp\/v2\/media?parent=2103"}],"curies":[{"name":"wp","href":"https:\/\/api.w.org\/{rel}","templated":true}]}}