{"id":2105,"date":"2021-03-24T07:25:45","date_gmt":"2021-03-24T07:25:45","guid":{"rendered":"http:\/\/localhost\/nuss\/?page_id=235"},"modified":"2026-02-14T04:01:10","modified_gmt":"2026-02-14T04:01:10","slug":"faqs","status":"publish","type":"page","link":"https:\/\/chimelongoceankingdom.com\/de\/faqs\/","title":{"rendered":"H\u00e4ufig gestellte Fragen"},"content":{"rendered":"<div data-elementor-type=\"wp-page\" data-elementor-id=\"2105\" class=\"elementor elementor-2105\" data-elementor-post-type=\"page\">\n\t\t\t\t\t\t<section class=\"elementor-section elementor-top-section elementor-element elementor-element-2a96a73 elementor-section-boxed elementor-section-gap-beside-yes elementor-section-height-default elementor-section-height-default elementor-section-column-vertical-align-stretch\" data-id=\"2a96a73\" data-element_type=\"section\" data-e-type=\"section\">\n\t\t\t\t\t\t<div class=\"elementor-container elementor-column-gap-extended\">\n\t\t\t\t\t<div class=\"elementor-column elementor-col-100 elementor-top-column elementor-element elementor-element-98ef20c\" data-id=\"98ef20c\" data-element_type=\"column\" data-e-type=\"column\">\n\t\t\t<div class=\"elementor-widget-wrap elementor-element-populated\">\n\t\t\t\t\t\t<div class=\"elementor-element elementor-element-97088c0 elementor-widget__width-initial elementor-invisible elementor-widget elementor-widget-text-editor\" data-id=\"97088c0\" data-element_type=\"widget\" data-e-type=\"widget\" data-settings=\"{&quot;_animation&quot;:&quot;nussFadeInUp&quot;}\" data-widget_type=\"text-editor.default\">\n\t\t\t\t\t\t\t\t\t<p>Nachfolgend finden Sie eine Liste der am h\u00e4ufigsten gestellten Fragen unserer G\u00e4ste.<\/p>\t\t\t\t\t\t\t\t<\/div>\n\t\t\t\t\t<\/div>\n\t\t<\/div>\n\t\t\t\t\t<\/div>\n\t\t<\/section>\n\t\t\t\t<section class=\"elementor-section elementor-top-section elementor-element elementor-element-b184647 elementor-section-gap-beside-no elementor-section-boxed elementor-section-height-default elementor-section-height-default elementor-section-column-vertical-align-stretch\" data-id=\"b184647\" data-element_type=\"section\" data-e-type=\"section\">\n\t\t\t\t\t\t<div class=\"elementor-container elementor-column-gap-extended\">\n\t\t\t\t\t<div class=\"elementor-column elementor-col-100 elementor-top-column elementor-element elementor-element-1d49749\" data-id=\"1d49749\" data-element_type=\"column\" data-e-type=\"column\">\n\t\t\t<div class=\"elementor-widget-wrap elementor-element-populated\">\n\t\t\t\t\t\t<div class=\"elementor-element elementor-element-b986a9e elementor-invisible elementor-widget elementor-widget-nuss-heading\" data-id=\"b986a9e\" data-element_type=\"widget\" data-e-type=\"widget\" data-settings=\"{&quot;_animation&quot;:&quot;nussFadeInUp&quot;}\" data-widget_type=\"nuss-heading.default\">\n\t\t\t\t<div class=\"elementor-widget-container\">\n\t\t\t\t\t\t\t<div class=\"nuss-modern-heading\">\r\n\t\t\t\r\n\t\t\t\t\t\t<div class=\"heading-primary-wrap\">\r\n\t\t\t\t<h4 class=\"heading-primary elementor-heading-title\">H\u00e4ufig gestellte Fragen<\/h4>\t\t\t<\/div>\r\n\t\t\r\n\t\t\t\t\t\t<div class=\"heading-divider-wrap\">\r\n\t\t\t\t<div class=\"heading-divider\" style=\"left: 0px;top: 6px\"><\/div>\r\n\t\t\t<\/div>\r\n\t\r\n\t\t\t\t\t<\/div>\r\n\t\t\t\t\t<\/div>\n\t\t\t\t<\/div>\n\t\t\t\t<div class=\"elementor-element elementor-element-50f0733 elementor-invisible elementor-widget elementor-widget-heading\" data-id=\"50f0733\" data-element_type=\"widget\" data-e-type=\"widget\" data-settings=\"{&quot;_animation&quot;:&quot;nussFadeInUp&quot;}\" data-widget_type=\"heading.default\">\n\t\t\t\t\t<h2 class=\"elementor-heading-title elementor-size-default\">Fragen und Antworten<\/h2>\t\t\t\t<\/div>\n\t\t\t\t\t<\/div>\n\t\t<\/div>\n\t\t\t\t\t<\/div>\n\t\t<\/section>\n\t\t<div class=\"elementor-element elementor-element-49f4e16 e-flex e-con-boxed e-con e-parent\" data-id=\"49f4e16\" data-element_type=\"container\" data-e-type=\"container\">\n\t\t\t\t\t<div class=\"e-con-inner\">\n\t\t\t\t<div class=\"elementor-element elementor-element-28a5f8c elementor-widget elementor-widget-text-editor\" data-id=\"28a5f8c\" data-element_type=\"widget\" data-e-type=\"widget\" data-widget_type=\"text-editor.default\">\n\t\t\t\t\t\t\t\t\t<h3 class=\"qwen-markdown-heading\"><span class=\"qwen-markdown-text\">\ud83c\udfaf <\/span><strong class=\"qwen-markdown-strong\"><span class=\"qwen-markdown-text\">Allgemeines &amp; Logistik<\/span><\/strong><\/h3><ol class=\"qwen-markdown-list\" dir=\"auto\" start=\"1\"><li><strong class=\"qwen-markdown-strong\"><span class=\"qwen-markdown-text\">Wie sind die \u00d6ffnungszeiten?<\/span><\/strong><br \/><span class=\"qwen-markdown-text\">Regelm\u00e4\u00dfige \u00d6ffnungszeiten: <\/span><strong class=\"qwen-markdown-strong\"><span class=\"qwen-markdown-text\">10:00 Uhr \u2013 21:00 Uhr<\/span><\/strong><span class=\"qwen-markdown-text\"> (t\u00e4glich). In der Hochsaison (z. B. Fr\u00fchlingsparade: 15. M\u00e4rz bis 30. April 2026) k\u00f6nnen sich die \u00d6ffnungszeiten verl\u00e4ngern. <\/span><strong class=\"qwen-markdown-strong\"><span class=\"qwen-markdown-text\">22:00 Uhr<\/span><\/strong><span class=\"qwen-markdown-text\">. Das Feuerwerk beginnt um <\/span><strong class=\"qwen-markdown-strong\"><span class=\"qwen-markdown-text\">19:30 Uhr<\/span><\/strong><span class=\"qwen-markdown-text\">.<\/span><\/li><li><strong class=\"qwen-markdown-strong\"><span class=\"qwen-markdown-text\">Wie komme ich von Zhuhai Stadtzentrum oder Macau dorthin?<\/span><\/strong><ul class=\"qwen-markdown-list\" dir=\"auto\"><li><span class=\"qwen-markdown-text\">\u2705 <\/span><strong class=\"qwen-markdown-strong\"><span class=\"qwen-markdown-text\">Vom Busbahnhof Zhuhai<\/span><\/strong><span class=\"qwen-markdown-text\">Nehmen Sie den Bus K11 (ca. 60 Minuten, 3 Yen). <\/span><\/li><li><span class=\"qwen-markdown-text\">\u2705 <\/span><strong class=\"qwen-markdown-strong\"><span class=\"qwen-markdown-text\">Vom F\u00e4hrterminal des Au\u00dfenhafens von Macau<\/span><\/strong><span class=\"qwen-markdown-text\">: F\u00e4hre zum Hafen Zhuhai Jiuzhou \u2192 Taxi\/Didi (~40 Minuten, \u00a580\u2013120) <\/span><\/li><li><span class=\"qwen-markdown-text\">\u2705 <\/span><strong class=\"qwen-markdown-strong\"><span class=\"qwen-markdown-text\">Vom internationalen Flughafen Hongkong<\/span><\/strong><span class=\"qwen-markdown-text\">Flughafenexpress + U-Bahnlinie 11 bis Station Hengqin \u2192 Bus K11 (\u22481,5 Std.) <\/span><\/li><li><span class=\"qwen-markdown-text\">\u2705 <\/span><strong class=\"qwen-markdown-strong\"><span class=\"qwen-markdown-text\">Privater Transfer<\/span><\/strong><span class=\"qwen-markdown-text\">: Buchung \u00fcber Trip.com\/Klook (150\u2013220 \u00a5, T\u00fcr-zu-T\u00fcr-Service)<\/span><\/li><\/ul><\/li><li><strong class=\"qwen-markdown-strong\"><span class=\"qwen-markdown-text\">Gibt es Parkpl\u00e4tze? Wie viel kosten sie?<\/span><\/strong><br \/><span class=\"qwen-markdown-text\">Ja - <\/span><strong class=\"qwen-markdown-strong\"><span class=\"qwen-markdown-text\">unterirdische und oberirdische Parkpl\u00e4tze<\/span><\/strong><span class=\"qwen-markdown-text\"> in der N\u00e4he des Haupteingangs. <\/span><ul class=\"qwen-markdown-list\" dir=\"auto\"><li><span class=\"qwen-markdown-text\">Autos: 20 \u00a5\/Stunde (maximal 100 \u00a5\/Tag) <\/span><\/li><li><span class=\"qwen-markdown-text\">verf\u00fcgbare Ladestationen f\u00fcr Elektrofahrzeuge <\/span><\/li><li><em><span class=\"qwen-markdown-text\">Profi-Tipp<\/span><\/em><span class=\"qwen-markdown-text\">: Kommen Sie vor 9:30 Uhr, um sich Pl\u00e4tze in der ersten Reihe zu sichern.<\/span><\/li><\/ul><\/li><li><strong class=\"qwen-markdown-strong\"><span class=\"qwen-markdown-text\">Ben\u00f6tige ich einen Ausweis zum Einlass?<\/span><\/strong><br \/><span class=\"qwen-markdown-text\">Ja. Alle G\u00e4ste m\u00fcssen anwesend sein. <\/span><strong class=\"qwen-markdown-strong\"><span class=\"qwen-markdown-text\">g\u00fcltiger, von der Regierung ausgestellter Ausweis<\/span><\/strong><span class=\"qwen-markdown-text\"> (Reisepass f\u00fcr Ausl\u00e4nder, chinesischer Personalausweis f\u00fcr Einheimische) zur Ticketpr\u00fcfung und zum Scannen des E-Tickets.<\/span><\/li><li><strong class=\"qwen-markdown-strong\"><span class=\"qwen-markdown-text\">Darf ich Essen oder Getr\u00e4nke mitbringen?<\/span><\/strong><br \/><span class=\"qwen-markdown-text\">Mitgebrachte Speisen und Getr\u00e4nke sind <\/span><strong class=\"qwen-markdown-strong\"><span class=\"qwen-markdown-text\">nicht erlaubt<\/span><\/strong><span class=\"qwen-markdown-text\">, mit Ausnahme von: <\/span><ul class=\"qwen-markdown-list\" dir=\"auto\"><li><span class=\"qwen-markdown-text\">Babynahrung\/S\u00e4uglingsnahrung <\/span><\/li><li><span class=\"qwen-markdown-text\">Medizinische Notwendigkeit (mit Dokumentation) <\/span><\/li><li><span class=\"qwen-markdown-text\">Wiederverwendbare Wasserflaschen (kostenlose Nachf\u00fcllstationen im gesamten Park)<\/span><\/li><\/ul><\/li><\/ol><div class=\"qwen-markdown-space\">\u00a0<\/div><div class=\"qwen-markdown-hr\"><hr \/><\/div><div class=\"qwen-markdown-space\">\u00a0<\/div><h3 class=\"qwen-markdown-heading\"><span class=\"qwen-markdown-text\">\ud83c\udf9f\ufe0f <\/span><strong class=\"qwen-markdown-strong\"><span class=\"qwen-markdown-text\">Tickets &amp; Buchung<\/span><\/strong><\/h3><ol class=\"qwen-markdown-list\" dir=\"auto\" start=\"6\"><li><strong class=\"qwen-markdown-strong\"><span class=\"qwen-markdown-text\">Welche Plattform eignet sich am besten zum Buchen von Tickets?<\/span><\/strong><br \/><strong class=\"qwen-markdown-strong\"><span class=\"qwen-markdown-text\">Trip.com<\/span><\/strong><span class=\"qwen-markdown-text\"> Und <\/span><strong class=\"qwen-markdown-strong\"><span class=\"qwen-markdown-text\">Klook<\/span><\/strong><span class=\"qwen-markdown-text\"> werden von internationalen Reisenden am meisten gesch\u00e4tzt. Beide bieten: <\/span><ul class=\"qwen-markdown-list\" dir=\"auto\"><li><span class=\"qwen-markdown-text\">E-Tickets (QR-Code auf dem Handy) <\/span><\/li><li><span class=\"qwen-markdown-text\">Flexible Stornierung (in der Regel 24\u201348 Stunden vorher) <\/span><\/li><li><span class=\"qwen-markdown-text\">Kombi-Pakete (Park + Hotel + Shows)<\/span><br \/><span class=\"qwen-markdown-text\">\u26a0\ufe0f Vermeiden Sie Drittanbieter \u2013 gef\u00e4lschte Tickets sind weit verbreitet.<\/span><\/li><\/ul><\/li><li><strong class=\"qwen-markdown-strong\"><span class=\"qwen-markdown-text\">Wie viel kosten die Tickets (2026)?<\/span><\/strong><ul class=\"qwen-markdown-list\" dir=\"auto\"><li><span class=\"qwen-markdown-text\">Erwachsene (ab 12 Jahren): <\/span><strong class=\"qwen-markdown-strong\"><span class=\"qwen-markdown-text\">395\u2013460 Yen<\/span><\/strong><span class=\"qwen-markdown-text\"> (Saisonale Preise; Fr\u00fchling = h\u00f6her) <\/span><\/li><li><span class=\"qwen-markdown-text\">Kind (3\u201311 Jahre, 1,0\u20131,4 m): <\/span><strong class=\"qwen-markdown-strong\"><span class=\"qwen-markdown-text\">295\u2013330 Yen<\/span><\/strong><\/li><li><span class=\"qwen-markdown-text\">Senioren (65+): <\/span><strong class=\"qwen-markdown-strong\"><span class=\"qwen-markdown-text\">295\u2013330 Yen<\/span><\/strong><\/li><li><span class=\"qwen-markdown-text\">S\u00e4ugling (&lt;1,0 m oder &lt;3 Jahre): <\/span><strong class=\"qwen-markdown-strong\"><span class=\"qwen-markdown-text\">Frei<\/span><\/strong><br \/><em><span class=\"qwen-markdown-text\">VIP-Fast-Track-Zusatzoption<\/span><\/em><span class=\"qwen-markdown-text\">: +\u00a5120\u2013180<\/span><\/li><\/ul><\/li><li><strong class=\"qwen-markdown-strong\"><span class=\"qwen-markdown-text\">Gibt es Kombitickets f\u00fcr die Vorstellung im Chimelong Theater?<\/span><\/strong><br \/><span class=\"qwen-markdown-text\">Ja! Klook\/Trip.com verkaufen <\/span><strong class=\"qwen-markdown-strong\"><span class=\"qwen-markdown-text\">\u201cPark + Chimelong Show\u201d-Pakete<\/span><\/strong><span class=\"qwen-markdown-text\"> (insgesamt 580\u2013680 Yen), was einer Ersparnis von ca. 80 Yen gegen\u00fcber dem Einzelkauf entspricht. Die Veranstaltung findet im\/in der\/dem <\/span><strong class=\"qwen-markdown-strong\"><span class=\"qwen-markdown-text\">Chimelong-Theater in Zhuhai<\/span><\/strong><span class=\"qwen-markdown-text\"> (10 Autominuten vom Park entfernt).<\/span><\/li><li><strong class=\"qwen-markdown-strong\"><span class=\"qwen-markdown-text\">Kann ich den Park nach dem Verlassen wieder betreten?<\/span><\/strong><br \/><span class=\"qwen-markdown-text\">Nein \u2013 nur einmaliger Eintritt. Nach dem Verlassen des Geb\u00e4udes verliert Ihre Eintrittskarte ihre G\u00fcltigkeit. Planen Sie Ihre Mahlzeiten im Geb\u00e4ude oder nutzen Sie Schlie\u00dff\u00e4cher f\u00fcr Ihre pers\u00f6nlichen Gegenst\u00e4nde.<\/span><\/li><li><strong class=\"qwen-markdown-strong\"><span class=\"qwen-markdown-text\">Sind im Ticketpreis auch die Fr\u00fchlingsparade und das Feuerwerk enthalten?<\/span><\/strong><br \/><span class=\"qwen-markdown-text\">\u2705 Ja \u2013 beides ist m\u00f6glich. <\/span><strong class=\"qwen-markdown-strong\"><span class=\"qwen-markdown-text\">Im Standardeintritt enthalten<\/span><\/strong><span class=\"qwen-markdown-text\"> W\u00e4hrend der Fr\u00fchjahrssaison (15. M\u00e4rz bis 30. April 2026). Keine zus\u00e4tzlichen Geb\u00fchren.<\/span><\/li><\/ol><div class=\"qwen-markdown-space\">\u00a0<\/div><div class=\"qwen-markdown-hr\"><hr \/><\/div><div class=\"qwen-markdown-space\">\u00a0<\/div><h3 class=\"qwen-markdown-heading\"><span class=\"qwen-markdown-text\">\ud83d\udc2c <\/span><strong class=\"qwen-markdown-strong\"><span class=\"qwen-markdown-text\">Attraktionen &amp; Shows<\/span><\/strong><\/h3><ol class=\"qwen-markdown-list\" dir=\"auto\" start=\"11\"><li><strong class=\"qwen-markdown-strong\"><span class=\"qwen-markdown-text\">Welche Sehensw\u00fcrdigkeit muss man unbedingt gesehen haben?<\/span><\/strong><br \/><span class=\"qwen-markdown-text\">\u00dcber 90% Rezensenten nennen die <\/span><strong class=\"qwen-markdown-strong\"><span class=\"qwen-markdown-text\">Walhai-Aquarium<\/span><\/strong><span class=\"qwen-markdown-text\"> \u2013 insbesondere der 360\u00b0-Unterwassertunnel. Ankunft bei <\/span><strong class=\"qwen-markdown-strong\"><span class=\"qwen-markdown-text\">9:30 Uhr<\/span><\/strong><span class=\"qwen-markdown-text\"> f\u00fcr minimale Menschenmengen.<\/span><\/li><li><strong class=\"qwen-markdown-strong\"><span class=\"qwen-markdown-text\">Befinden sich die jungen Orcas wirklich auf dem Raumschiff Chimelong?<\/span><\/strong><br \/><span class=\"qwen-markdown-text\">Ja! Im Fr\u00fchjahr 2026, <\/span><strong class=\"qwen-markdown-strong\"><span class=\"qwen-markdown-text\">Chimelong-Raumschiff<\/span><\/strong><span class=\"qwen-markdown-text\"> (Ein schwimmendes Gehege in der Oceanic Bay) beherbergt gerettete Orca-Babys zur beaufsichtigten Beobachtung. Der Zugang ist nur mit Genehmigung m\u00f6glich. <\/span><strong class=\"qwen-markdown-strong\"><span class=\"qwen-markdown-text\">Vorreservierung<\/span><\/strong><span class=\"qwen-markdown-text\"> (\u00fcber die Park-App oder das VIP-Paket).<\/span><\/li><li><strong class=\"qwen-markdown-strong\"><span class=\"qwen-markdown-text\">Welche Serien sollten priorisiert werden?<\/span><\/strong><br \/><span class=\"qwen-markdown-text\">Top 3 nach G\u00e4stebewertung: <\/span><ol class=\"qwen-markdown-list\" dir=\"auto\" start=\"1\"><li><strong class=\"qwen-markdown-strong\"><span class=\"qwen-markdown-text\">Symphonie des Ozeans<\/span><\/strong><span class=\"qwen-markdown-text\"> (Abends, 20:00 Uhr) \u2014 Wasserleinwand + Laser + Live-Orchester <\/span><\/li><li><strong class=\"qwen-markdown-strong\"><span class=\"qwen-markdown-text\">Delfintheater<\/span><\/strong><span class=\"qwen-markdown-text\"> (11:00 Uhr &amp; 15:00 Uhr) \u2014 interaktiv, lehrreich <\/span><\/li><li><strong class=\"qwen-markdown-strong\"><span class=\"qwen-markdown-text\">Lichterparade im Ozeank\u00f6nigreich<\/span><\/strong><span class=\"qwen-markdown-text\"> (19:00 Uhr vor dem Feuerwerk)<\/span><\/li><\/ol><div class=\"qwen-markdown-space\">\u00a0<\/div><\/li><li><strong class=\"qwen-markdown-strong\"><span class=\"qwen-markdown-text\">Ist das Oktopus-Karussell f\u00fcr Kleinkinder geeignet?<\/span><\/strong><br \/><span class=\"qwen-markdown-text\">Ja \u2013 sanfte Rotation, geringe H\u00f6he (max. 1,2 m) und biolumineszierende Tentakel begeistern Kinder ab 2 Jahren. Kinderwagenzugang vorhanden.<\/span><\/li><li><strong class=\"qwen-markdown-strong\"><span class=\"qwen-markdown-text\">Gibt es Gr\u00f6\u00dfenbeschr\u00e4nkungen f\u00fcr die Fahrgesch\u00e4fte?<\/span><\/strong><br \/><span class=\"qwen-markdown-text\">Ja. Wichtige Beispiele: <\/span><ul class=\"qwen-markdown-list\" dir=\"auto\"><li><span class=\"qwen-markdown-text\">Papageien-Untersetzer: <\/span><strong class=\"qwen-markdown-strong\"><span class=\"qwen-markdown-text\">\u22651,2 m<\/span><\/strong><\/li><li><span class=\"qwen-markdown-text\">Rainforest Drop Tower: <\/span><strong class=\"qwen-markdown-strong\"><span class=\"qwen-markdown-text\">\u22651,3 m<\/span><\/strong><\/li><li><span class=\"qwen-markdown-text\">Pinguin-Achterbahn: <\/span><strong class=\"qwen-markdown-strong\"><span class=\"qwen-markdown-text\">\u22651,1 m<\/span><\/strong><br \/><span class=\"qwen-markdown-text\">Bitte informieren Sie sich in der offiziellen App oder an den Hinweisschildern am Eingang.<\/span><\/li><\/ul><\/li><\/ol><div class=\"qwen-markdown-space\">\u00a0<\/div><div class=\"qwen-markdown-hr\"><hr \/><\/div><div class=\"qwen-markdown-space\">\u00a0<\/div><h3 class=\"qwen-markdown-heading\"><span class=\"qwen-markdown-text\">\ud83c\udf38 <\/span><strong class=\"qwen-markdown-strong\"><span class=\"qwen-markdown-text\">Sonderveranstaltungen im Fr\u00fchjahr 2026<\/span><\/strong><\/h3><ol class=\"qwen-markdown-list\" dir=\"auto\" start=\"16\"><li><strong class=\"qwen-markdown-strong\"><span class=\"qwen-markdown-text\">Was ist das \u201cVerw\u00f6hnfestival\u201d?<\/span><\/strong><br \/><span class=\"qwen-markdown-text\">Ein exklusives Fr\u00fchlingsprogramm im <\/span><strong class=\"qwen-markdown-strong\"><span class=\"qwen-markdown-text\">vier Themenhotels<\/span><\/strong><span class=\"qwen-markdown-text\">: <\/span><ul class=\"qwen-markdown-list\" dir=\"auto\"><li><span class=\"qwen-markdown-text\">Ocean Kingdom Hotel <\/span><\/li><li><span class=\"qwen-markdown-text\">Eisb\u00e4rhotel <\/span><\/li><li><span class=\"qwen-markdown-text\">Regenwaldhotel <\/span><\/li><li><span class=\"qwen-markdown-text\">Dolphin Hotel<\/span><br \/><span class=\"qwen-markdown-text\">Zu den Vorteilen geh\u00f6ren: thematische Zimmerdekoration, Begr\u00fc\u00dfungsgetr\u00e4nke mit Meersalz und Bl\u00fcten, bevorzugter Blick auf die Parade und kostenlose \u00d6ko-Workshops (z. B. \u201cEine Korallensamenbombe herstellen\u201d).<\/span><\/li><\/ul><\/li><li><strong class=\"qwen-markdown-strong\"><span class=\"qwen-markdown-text\">Wann findet die Fr\u00fchlingsparade statt?<\/span><\/strong><br \/><span class=\"qwen-markdown-text\">T\u00e4glich um <\/span><strong class=\"qwen-markdown-strong\"><span class=\"qwen-markdown-text\">12:30 Uhr<\/span><\/strong><span class=\"qwen-markdown-text\">, l\u00e4uft <\/span><strong class=\"qwen-markdown-strong\"><span class=\"qwen-markdown-text\">15. M\u00e4rz \u2013 30. April 2026<\/span><\/strong><span class=\"qwen-markdown-text\">. Beste Aussichtsplattform: zentrale Promenade in der N\u00e4he des Whale Shark Aquariums (Ankunft bis sp\u00e4testens 12:00 Uhr).<\/span><\/li><li><strong class=\"qwen-markdown-strong\"><span class=\"qwen-markdown-text\">Ben\u00f6tige ich eine separate Eintrittskarte f\u00fcr das romantische Feuerwerk?<\/span><\/strong><br \/><span class=\"qwen-markdown-text\">Nein \u2013 im Parkeintritt enthalten. Aussichtspunkte: Rasenfl\u00e4che in Oceanic Bay (kostenlos) oder Premium-Sitzpl\u00e4tze (reserviert, zzgl. 50 \u00a5 \u00fcber Klook).<\/span><\/li><li><strong class=\"qwen-markdown-strong\"><span class=\"qwen-markdown-text\">Kann ich Meerjungfrauen treffen?<\/span><\/strong><br \/><span class=\"qwen-markdown-text\">Ja! Im Fr\u00fchling, <\/span><strong class=\"qwen-markdown-strong\"><span class=\"qwen-markdown-text\">\u201cMeerjungfrauenprinzessinnen-Erlebnis\u201d<\/span><\/strong><span class=\"qwen-markdown-text\"> L\u00e4uft in Tide Pools &amp; Sea Bird Paradise: <\/span><ul class=\"qwen-markdown-list\" dir=\"auto\"><li><span class=\"qwen-markdown-text\">Fototermine mit kost\u00fcmierten Darstellern <\/span><\/li><li><span class=\"qwen-markdown-text\">Unterwasser-Blasenshows (11:30 Uhr &amp; 16:30 Uhr) <\/span><\/li><li><span class=\"qwen-markdown-text\">Begrenzt auf 20 G\u00e4ste pro Sitzung \u2013 melden Sie sich fr\u00fchzeitig beim G\u00e4steservice an.<\/span><\/li><\/ul><\/li><li><strong class=\"qwen-markdown-strong\"><span class=\"qwen-markdown-text\">Wird englischsprachiger Support angeboten?<\/span><\/strong><br \/><span class=\"qwen-markdown-text\">\u2705 Ja \u2013 alle Schilder sind zweisprachig (Chinesisch + Englisch).<\/span><br \/><span class=\"qwen-markdown-text\">\u2705 Das Personal an den wichtigsten Sehensw\u00fcrdigkeiten spricht grundlegendes Englisch.<\/span><br \/><span class=\"qwen-markdown-text\">\u2705 Die offizielle App verf\u00fcgt \u00fcber eine englische Benutzeroberfl\u00e4che.<\/span><br \/><span class=\"qwen-markdown-text\">\u2705 Audioguides k\u00f6nnen ausgeliehen werden (30 Yen, inklusive 8 Sprachen).<\/span><\/li><\/ol><div class=\"qwen-markdown-space\">\u00a0<\/div><div class=\"qwen-markdown-hr\"><hr \/><\/div><div class=\"qwen-markdown-space\">\u00a0<\/div><h3 class=\"qwen-markdown-heading\"><span class=\"qwen-markdown-text\">\ud83d\udca1 Bonus-Profi-Tipps von Stammbesuchern:<\/span><\/h3><ul class=\"qwen-markdown-list\" dir=\"auto\"><li><span class=\"qwen-markdown-text\">\ud83d\udcf1 Laden Sie die <\/span><strong class=\"qwen-markdown-strong\"><span class=\"qwen-markdown-text\">\u201cChimelong Ocean Kingdom\u201d-App<\/span><\/strong> <em><span class=\"qwen-markdown-text\">vor<\/span><\/em><span class=\"qwen-markdown-text\"> Ankunft \u2013 Wartezeiten in Echtzeit, AR-Karten und QR-Code-Schnellabholung.<\/span><\/li><li><span class=\"qwen-markdown-text\">\ud83e\uddf3 Nutzen Sie Schlie\u00dff\u00e4cher (20\u201340 Yen\/Tag) in der N\u00e4he der Eing\u00e4nge \u2013 das spart Gewicht beim Laufen.<\/span><\/li><li><span class=\"qwen-markdown-text\">\u2615 Kostenlose Kr\u00e4uterteestationen versteckt hinter Penguin Coaster &amp; Otter&#039;s Den.<\/span><\/li><li><span class=\"qwen-markdown-text\">\ud83d\udcf8 Die Zonen mit dem Namen \u201cVersteckte Str\u00f6mung\u201d (fragen Sie das Personal) bieten einzigartige Fotohintergr\u00fcnde mit Echtzeit-Ozeandatenprojektionen.<\/span><\/li><\/ul>\t\t\t\t\t\t\t\t<\/div>\n\t\t\t\t\t<\/div>\n\t\t\t\t<\/div>\n\t\t\t\t<\/div>","protected":false},"excerpt":{"rendered":"<p>Below, you will find a list of the questions most frequently asked by our guests. FAQ&#8217;S Questions &amp; Answers \ud83c\udfaf General &amp; Logistics What are the opening hours?Standard hours: 10:00 AM \u2013 9:00 PM (daily). During peak seasons (e.g., Spring Parade: March 15\u2013April 30, 2026), hours may extend to 10:00 PM. Fireworks show starts at [&hellip;]<\/p>\n","protected":false},"author":1,"featured_media":0,"parent":0,"menu_order":0,"comment_status":"closed","ping_status":"closed","template":"elementor_header_footer","meta":{"footnotes":""},"class_list":["post-2105","page","type-page","status-publish","hentry","post-no-thumbnail"],"_links":{"self":[{"href":"https:\/\/chimelongoceankingdom.com\/de\/wp-json\/wp\/v2\/pages\/2105","targetHints":{"allow":["GET"]}}],"collection":[{"href":"https:\/\/chimelongoceankingdom.com\/de\/wp-json\/wp\/v2\/pages"}],"about":[{"href":"https:\/\/chimelongoceankingdom.com\/de\/wp-json\/wp\/v2\/types\/page"}],"author":[{"embeddable":true,"href":"https:\/\/chimelongoceankingdom.com\/de\/wp-json\/wp\/v2\/users\/1"}],"replies":[{"embeddable":true,"href":"https:\/\/chimelongoceankingdom.com\/de\/wp-json\/wp\/v2\/comments?post=2105"}],"version-history":[{"count":0,"href":"https:\/\/chimelongoceankingdom.com\/de\/wp-json\/wp\/v2\/pages\/2105\/revisions"}],"wp:attachment":[{"href":"https:\/\/chimelongoceankingdom.com\/de\/wp-json\/wp\/v2\/media?parent=2105"}],"curies":[{"name":"wp","href":"https:\/\/api.w.org\/{rel}","templated":true}]}}