{"id":2103,"date":"2021-03-23T04:33:54","date_gmt":"2021-03-23T04:33:54","guid":{"rendered":"http:\/\/localhost\/nuss\/?page_id=103"},"modified":"2026-02-14T03:44:42","modified_gmt":"2026-02-14T03:44:42","slug":"sobre-nosotros","status":"publish","type":"page","link":"https:\/\/chimelongoceankingdom.com\/es\/sobre-nosotros\/","title":{"rendered":"Sobre nosotros"},"content":{"rendered":"<div data-elementor-type=\"wp-page\" data-elementor-id=\"2103\" class=\"elementor elementor-2103\" data-elementor-post-type=\"page\">\n\t\t\t\t\t\t<section class=\"elementor-section elementor-top-section elementor-element elementor-element-8f5bb9d elementor-section-boxed elementor-section-gap-beside-yes elementor-section-height-default elementor-section-height-default elementor-section-column-vertical-align-stretch\" data-id=\"8f5bb9d\" data-element_type=\"section\" data-e-type=\"section\">\n\t\t\t\t\t\t<div class=\"elementor-container elementor-column-gap-extended\">\n\t\t\t\t\t<div class=\"elementor-column elementor-col-100 elementor-top-column elementor-element elementor-element-7ec4215\" data-id=\"7ec4215\" data-element_type=\"column\" data-e-type=\"column\">\n\t\t\t<div class=\"elementor-widget-wrap elementor-element-populated\">\n\t\t\t\t\t\t<div class=\"elementor-element elementor-element-edd9d03 elementor-widget__width-initial elementor-invisible elementor-widget elementor-widget-text-editor\" data-id=\"edd9d03\" data-element_type=\"widget\" data-e-type=\"widget\" data-settings=\"{&quot;_animation&quot;:&quot;nussFadeInUp&quot;}\" data-widget_type=\"text-editor.default\">\n\t\t\t\t\t\t\t\t\t<p><strong class=\"qwen-markdown-strong\"><span class=\"qwen-markdown-text\">Descubra el parque tem\u00e1tico marino m\u00e1s grande del mundo: Chimelong Ocean Kingdom en Zhuhai, donde las maravillas oce\u00e1nicas, las emociones de vanguardia y la conservaci\u00f3n cobran vida.<\/span><\/strong><\/p>\t\t\t\t\t\t\t\t<\/div>\n\t\t\t\t\t<\/div>\n\t\t<\/div>\n\t\t\t\t\t<\/div>\n\t\t<\/section>\n\t\t<div class=\"elementor-element elementor-element-673ae88 e-flex e-con-boxed e-con e-parent\" data-id=\"673ae88\" data-element_type=\"container\" data-e-type=\"container\">\n\t\t\t\t\t<div class=\"e-con-inner\">\n\t\t\t\t<div class=\"elementor-element elementor-element-25a9a33 elementor-widget elementor-widget-text-editor\" data-id=\"25a9a33\" data-element_type=\"widget\" data-e-type=\"widget\" data-widget_type=\"text-editor.default\">\n\t\t\t\t\t\t\t\t\t<div class=\"response-message-content t2t phase-answer\"><div class=\"custom-qwen-markdown\"><div class=\"qwen-markdown qwen-markdown-loose\"><div class=\"qwen-markdown-space\">\u00a0<\/div><div class=\"qwen-markdown-paragraph\"><span class=\"qwen-markdown-text\">Ubicado a lo largo de la costa pr\u00edstina de <\/span><strong class=\"qwen-markdown-strong\"><span class=\"qwen-markdown-text\">Bah\u00eda Fuxiang en el nuevo distrito de Hengqin, ciudad de Zhuhai<\/span><\/strong><span class=\"qwen-markdown-text\">, el <\/span><strong class=\"qwen-markdown-strong\"><span class=\"qwen-markdown-text\">Reino del oc\u00e9ano de Chimelong<\/span><\/strong><span class=\"qwen-markdown-text\"> (parte de la expansi\u00f3n <\/span><strong class=\"qwen-markdown-strong\"><span class=\"qwen-markdown-text\">Zhuhai Changlong Resort<\/span><\/strong><span class=\"qwen-markdown-text\">) no es solo un parque de diversiones, es un <\/span><em><span class=\"qwen-markdown-text\">sinfon\u00eda viviente del oc\u00e9ano<\/span><\/em><span class=\"qwen-markdown-text\"> donde la ciencia, la narraci\u00f3n, la sostenibilidad y el espect\u00e1culo convergen en una experiencia inolvidable. <\/span><strong class=\"qwen-markdown-strong\"><span class=\"qwen-markdown-text\">El parque tem\u00e1tico marino m\u00e1s grande del mundo<\/span><\/strong><span class=\"qwen-markdown-text\">\u2014con una superficie de m\u00e1s de 5,25 millones de metros cuadrados\u2014Chimelong Ocean Kingdom redefine lo que puede ser un parque tem\u00e1tico: un santuario para especies en peligro de extinci\u00f3n, un escenario para actuaciones impresionantes, un patio de juegos para los buscadores de adrenalina y un aula para la pr\u00f3xima generaci\u00f3n de guardianes del oc\u00e9ano.<\/span><\/div><div class=\"qwen-markdown-space\">\u00a0<\/div><div class=\"qwen-markdown-paragraph\"><span class=\"qwen-markdown-text\">Ubicado en <\/span><strong class=\"qwen-markdown-strong\"><span class=\"qwen-markdown-text\">Zhuhai Changlong Resort, Bah\u00eda Fuxiang, Nuevo Distrito de Hengqin, Ciudad de Zhuhai, Provincia de Guangdong, China<\/span><\/strong><span class=\"qwen-markdown-text\">, Este destino ic\u00f3nico se encuentra en el coraz\u00f3n de la Gran \u00c1rea de la Bah\u00eda, a solo 40 minutos en auto de Macao y a 1 hora del Aeropuerto Internacional de Hong Kong, lo que lo hace f\u00e1cilmente accesible para viajeros internacionales que buscan una aventura exclusivamente china pero con resonancia global.<\/span><\/div><div class=\"qwen-markdown-space\">\u00a0<\/div><div class=\"qwen-markdown-paragraph\"><span class=\"qwen-markdown-text\">Aqu\u00ed viajar\u00e1s a trav\u00e9s de <\/span><strong class=\"qwen-markdown-strong\"><span class=\"qwen-markdown-text\">ocho zonas tem\u00e1ticas inmersivas<\/span><\/strong><span class=\"qwen-markdown-text\">, desde el impresionante <\/span><strong class=\"qwen-markdown-strong\"><span class=\"qwen-markdown-text\">Acuario del tibur\u00f3n ballena<\/span><\/strong><span class=\"qwen-markdown-text\">\u2014hogar del acuario m\u00e1s grande del mundo y gentiles gigantes como tiburones ballena y mantarrayas\u2014 hasta la g\u00e9lida majestuosidad de <\/span><strong class=\"qwen-markdown-strong\"><span class=\"qwen-markdown-text\">Horizonte polar<\/span><\/strong><span class=\"qwen-markdown-text\">, donde osos polares, belugas y ping\u00fcinos rescatados prosperan en h\u00e1bitats \u00e1rticos meticulosamente recreados. Volar\u00e1s en el <\/span><strong class=\"qwen-markdown-strong\"><span class=\"qwen-markdown-text\">Posavasos Parrot<\/span><\/strong><span class=\"qwen-markdown-text\"> A trav\u00e9s de las copas simuladas de los \u00e1rboles de la selva tropical, sum\u00e9rgete en el abismo en el <\/span><strong class=\"qwen-markdown-strong\"><span class=\"qwen-markdown-text\">Torre de Monstruos Marinos<\/span><\/strong><span class=\"qwen-markdown-text\">, y sea testigo de la magia de la <\/span><strong class=\"qwen-markdown-strong\"><span class=\"qwen-markdown-text\">Desfile del Viaje de las Luces del Reino del Oc\u00e9ano<\/span><\/strong><span class=\"qwen-markdown-text\">, donde flotadores alimentados con energ\u00eda solar fabricados a partir de pl\u00e1sticos oce\u00e1nicos reciclados iluminan la noche con una maravilla bioluminiscente.<\/span><\/div><div class=\"qwen-markdown-space\">\u00a0<\/div><div class=\"qwen-markdown-paragraph\"><span class=\"qwen-markdown-text\">Pero lo que realmente distingue a Chimelong Ocean Kingdom es su compromiso inquebrantable con <\/span><strong class=\"qwen-markdown-strong\"><span class=\"qwen-markdown-text\">la conservaci\u00f3n como entretenimiento<\/span><\/strong><span class=\"qwen-markdown-text\">. Cada atracci\u00f3n, espect\u00e1culo y exhibici\u00f3n est\u00e1 dise\u00f1ada no solo para emocionar, sino tambi\u00e9n para inspirar acci\u00f3n:<\/span><br \/><span class=\"qwen-markdown-text\">\u2705 Adopta simb\u00f3licamente una tortuga marina, un manat\u00ed o una morsa rescatados<\/span><br \/><span class=\"qwen-markdown-text\">\u2705 Realice un seguimiento de la restauraci\u00f3n de corales en tiempo real a trav\u00e9s de quioscos interactivos<\/span><br \/><span class=\"qwen-markdown-text\">\u2705 \u00danase a los programas \u201cAdopte un H\u00e1bitat\u201d que financian la rehabilitaci\u00f3n de pastos marinos<\/span><br \/><span class=\"qwen-markdown-text\">\u2705 La experiencia se demuestra como <\/span><em><span class=\"qwen-markdown-text\">Sinfon\u00eda del oc\u00e9ano<\/span><\/em><span class=\"qwen-markdown-text\"> y <\/span><em><span class=\"qwen-markdown-text\">Odisea de las profundidades marinas<\/span><\/em><span class=\"qwen-markdown-text\">\u2014donde el mapeo de proyecciones, la orquestaci\u00f3n en vivo y los datos ambientales transforman la narraci\u00f3n en administraci\u00f3n <\/span><\/div><div class=\"qwen-markdown-space\">\u00a0<\/div><div class=\"qwen-markdown-paragraph\"><span class=\"qwen-markdown-text\">Celebraciones de temporada como la vibrante <\/span><strong class=\"qwen-markdown-strong\"><span class=\"qwen-markdown-text\">Desfile de primavera<\/span><\/strong><span class=\"qwen-markdown-text\">, el rom\u00e1ntico <\/span><strong class=\"qwen-markdown-strong\"><span class=\"qwen-markdown-text\">Fuegos artificiales nocturnos sobre Oceanic Bay<\/span><\/strong><span class=\"qwen-markdown-text\">, y la exclusiva <\/span><strong class=\"qwen-markdown-strong\"><span class=\"qwen-markdown-text\">\u201cFestival \u201dM\u00edmate\u201d<\/span><\/strong><span class=\"qwen-markdown-text\"> En los cuatro hoteles tem\u00e1ticos de lujo del resort, eleve la experiencia a una celebraci\u00f3n hol\u00edstica de renovaci\u00f3n, alegr\u00eda y conexi\u00f3n, con acceso especial a las cr\u00edas de orcas a bordo del <\/span><strong class=\"qwen-markdown-strong\"><span class=\"qwen-markdown-text\">Nave espacial Chimelong<\/span><\/strong><span class=\"qwen-markdown-text\">, sesiones de fotos con tem\u00e1tica de sirena y la espectacular <\/span><em><span class=\"qwen-markdown-text\">Espect\u00e1culo de Chimelong<\/span><\/em><span class=\"qwen-markdown-text\"> en el adyacente <\/span><strong class=\"qwen-markdown-strong\"><span class=\"qwen-markdown-text\">Teatro Chimelong en Zhuhai<\/span><\/strong><span class=\"qwen-markdown-text\">.<\/span><\/div><div class=\"qwen-markdown-space\">\u00a0<\/div><div class=\"qwen-markdown-paragraph\"><span class=\"qwen-markdown-text\">Ya sea que se trate de una familia que busca maravillas, un buscador de emociones que persigue fuerzas G, un conservacionista inspirado en un dise\u00f1o con prop\u00f3sito o un viajero que anhela una aut\u00e9ntica inmersi\u00f3n cultural combinada con entretenimiento de clase mundial,<\/span><strong class=\"qwen-markdown-strong\"><span class=\"qwen-markdown-text\">Reino del oc\u00e9ano de Chimelong<\/span><\/strong><span class=\"qwen-markdown-text\"> Ofrece m\u00e1s que recuerdos. Ofrece una <\/span><em><span class=\"qwen-markdown-text\">movimiento<\/span><\/em><span class=\"qwen-markdown-text\">:un llamado a proteger nuestro planeta azul, un momento alegre, inmersivo e inolvidable a la vez.<\/span><\/div><div class=\"qwen-markdown-space\">\u00a0<\/div><div class=\"qwen-markdown-paragraph\"><span class=\"qwen-markdown-text\">\ud83d\udccd <\/span><strong class=\"qwen-markdown-strong\"><span class=\"qwen-markdown-text\">DIRECCI\u00d3N<\/span><\/strong><span class=\"qwen-markdown-text\">: Zhuhai Changlong Resort, Bah\u00eda Fuxiang, Nuevo Distrito de Hengqin, Ciudad de Zhuhai, Provincia de Guangdong, China<\/span><br \/><span class=\"qwen-markdown-text\">\ud83c\udf10 <\/span><strong class=\"qwen-markdown-strong\"><span class=\"qwen-markdown-text\">\u00bfPor qu\u00e9 visitar?<\/span><\/strong><span class=\"qwen-markdown-text\"> Porque el futuro de los parques de atracciones no se trata solo de diversi\u00f3n, sino de significado. Y en Chimelong Ocean Kingdom, el oc\u00e9ano no solo te rodea... te habla. \ud83c\udf0a\ud83d\udc2c\u2728<\/span><\/div><div class=\"qwen-markdown-space\">\u00a0<\/div><div class=\"qwen-markdown-paragraph\" data-spm-anchor-id=\"a2ty_o01.29997173.0.i9.61885171i3p6Ei\"><em><span class=\"qwen-markdown-text\">\u00bfListo para sumergirte en el mundo? Explora paquetes de entradas, eventos de temporada y consejos exclusivos para planificar tu aventura perfecta en Zhuhai, donde cada ola cuenta una historia y cada visita deja el mundo un poco mejor.<\/span><\/em><\/div><\/div><\/div><\/div>\t\t\t\t\t\t\t\t<\/div>\n\t\t\t\t\t<\/div>\n\t\t\t\t<\/div>\n\t\t\t\t<\/div>","protected":false},"excerpt":{"rendered":"<p>Discover the World\u2019s Largest Marine Theme Park: Chimelong Ocean Kingdom in Zhuhai \u2014 Where Oceanic Wonder, Cutting-Edge Thrills, and Conservation Come Alive \u00a0Nestled along the pristine coastline of Fuxiang Bay in Hengqin New District, Zhuhai City, the Chimelong Ocean Kingdom (part of the expansive Zhuhai Changlong Resort) isn\u2019t just an amusement park\u2014it\u2019s a living ocean [&hellip;]<\/p>\n","protected":false},"author":1,"featured_media":0,"parent":0,"menu_order":0,"comment_status":"closed","ping_status":"closed","template":"elementor_header_footer","meta":{"footnotes":""},"class_list":["post-2103","page","type-page","status-publish","hentry","post-no-thumbnail"],"_links":{"self":[{"href":"https:\/\/chimelongoceankingdom.com\/es\/wp-json\/wp\/v2\/pages\/2103","targetHints":{"allow":["GET"]}}],"collection":[{"href":"https:\/\/chimelongoceankingdom.com\/es\/wp-json\/wp\/v2\/pages"}],"about":[{"href":"https:\/\/chimelongoceankingdom.com\/es\/wp-json\/wp\/v2\/types\/page"}],"author":[{"embeddable":true,"href":"https:\/\/chimelongoceankingdom.com\/es\/wp-json\/wp\/v2\/users\/1"}],"replies":[{"embeddable":true,"href":"https:\/\/chimelongoceankingdom.com\/es\/wp-json\/wp\/v2\/comments?post=2103"}],"version-history":[{"count":0,"href":"https:\/\/chimelongoceankingdom.com\/es\/wp-json\/wp\/v2\/pages\/2103\/revisions"}],"wp:attachment":[{"href":"https:\/\/chimelongoceankingdom.com\/es\/wp-json\/wp\/v2\/media?parent=2103"}],"curies":[{"name":"wp","href":"https:\/\/api.w.org\/{rel}","templated":true}]}}