{"id":6256,"date":"2026-02-14T07:02:44","date_gmt":"2026-02-14T07:02:44","guid":{"rendered":"https:\/\/chimelongoceankingdom.com\/?page_id=6256"},"modified":"2026-02-14T07:03:46","modified_gmt":"2026-02-14T07:03:46","slug":"espectaculos-de-entretenimiento","status":"publish","type":"page","link":"https:\/\/chimelongoceankingdom.com\/es\/espectaculos-de-entretenimiento\/","title":{"rendered":"Espect\u00e1culos y entretenimiento"},"content":{"rendered":"<div data-elementor-type=\"wp-page\" data-elementor-id=\"6256\" class=\"elementor elementor-6256\" data-elementor-post-type=\"page\">\n\t\t\t\t<div class=\"elementor-element elementor-element-9d388d5 e-flex e-con-boxed e-con e-parent\" data-id=\"9d388d5\" data-element_type=\"container\" data-e-type=\"container\">\n\t\t\t\t\t<div class=\"e-con-inner\">\n\t\t\t\t<div class=\"elementor-element elementor-element-ced7ca9 elementor-grid-3 elementor-grid-tablet-2 elementor-grid-mobile-1 elementor-posts--thumbnail-top elementor-card-shadow-yes elementor-posts__hover-gradient elementor-widget elementor-widget-posts\" data-id=\"ced7ca9\" data-element_type=\"widget\" data-e-type=\"widget\" data-settings=\"{&quot;cards_columns&quot;:&quot;3&quot;,&quot;cards_columns_tablet&quot;:&quot;2&quot;,&quot;cards_columns_mobile&quot;:&quot;1&quot;,&quot;cards_row_gap&quot;:{&quot;unit&quot;:&quot;px&quot;,&quot;size&quot;:35,&quot;sizes&quot;:[]},&quot;cards_row_gap_tablet&quot;:{&quot;unit&quot;:&quot;px&quot;,&quot;size&quot;:&quot;&quot;,&quot;sizes&quot;:[]},&quot;cards_row_gap_mobile&quot;:{&quot;unit&quot;:&quot;px&quot;,&quot;size&quot;:&quot;&quot;,&quot;sizes&quot;:[]}}\" data-widget_type=\"posts.cards\">\n\t\t\t\t<div class=\"elementor-widget-container\">\n\t\t\t\t\t\t\t<div class=\"elementor-posts-container elementor-posts elementor-posts--skin-cards elementor-grid\" role=\"list\">\n\t\t\t\t<article class=\"elementor-post elementor-grid-item post-6023 post type-post status-publish format-standard has-post-thumbnail hentry category-shows-entertainment\" role=\"listitem\">\n\t\t\t<div class=\"elementor-post__card\">\n\t\t\t\t<a class=\"elementor-post__thumbnail__link\" href=\"https:\/\/chimelongoceankingdom.com\/es\/teatro-de-delfines-donde-la-inteligencia-marina-se-une-al-arte-espectacular\/\" tabindex=\"-1\" ><div class=\"elementor-post__thumbnail\"><img decoding=\"async\" width=\"300\" height=\"156\" src=\"https:\/\/chimelongoceankingdom.com\/wp-content\/uploads\/2026\/02\/Dolphin-Theatre-300x156.jpg\" class=\"attachment-medium size-medium wp-image-6025\" alt=\"\" srcset=\"https:\/\/chimelongoceankingdom.com\/wp-content\/uploads\/2026\/02\/Dolphin-Theatre-300x156.jpg 300w, https:\/\/chimelongoceankingdom.com\/wp-content\/uploads\/2026\/02\/Dolphin-Theatre-1024x532.jpg 1024w, https:\/\/chimelongoceankingdom.com\/wp-content\/uploads\/2026\/02\/Dolphin-Theatre-768x399.jpg 768w, https:\/\/chimelongoceankingdom.com\/wp-content\/uploads\/2026\/02\/Dolphin-Theatre.jpg 1500w\" sizes=\"(max-width: 300px) 100vw, 300px\" \/><\/div><\/a>\n\t\t\t\t<div class=\"elementor-post__badge\">Espect\u00e1culos y entretenimiento<\/div>\n\t\t\t\t<div class=\"elementor-post__text\">\n\t\t\t\t<h3 class=\"elementor-post__title\">\n\t\t\t<a href=\"https:\/\/chimelongoceankingdom.com\/es\/teatro-de-delfines-donde-la-inteligencia-marina-se-une-al-arte-espectacular\/\" >\n\t\t\t\tTeatro Dolphin: Donde la inteligencia marina se fusiona con el arte espectacular\t\t\t<\/a>\n\t\t<\/h3>\n\t\t\n\t\t<a class=\"elementor-post__read-more\" href=\"https:\/\/chimelongoceankingdom.com\/es\/teatro-de-delfines-donde-la-inteligencia-marina-se-une-al-arte-espectacular\/\" aria-label=\"Read more about Dolphin Theatre: Where Marine Intelligence Meets Spectacular Artistry\" tabindex=\"-1\" >\n\t\t\tLeer m\u00e1s &quot;\u00bb\t\t<\/a>\n\n\t\t\t\t<\/div>\n\t\t\t\t<div class=\"elementor-post__meta-data\">\n\t\t\t\t\t<span class=\"elementor-post-date\">\n\t\t\t13 de febrero de 2026\t\t<\/span>\n\t\t\t\t<span class=\"elementor-post-avatar\">\n\t\t\tNo hay comentarios\t\t<\/span>\n\t\t\t\t<\/div>\n\t\t\t\t\t<\/div>\n\t\t<\/article>\n\t\t\t\t<article class=\"elementor-post elementor-grid-item post-6020 post type-post status-publish format-standard has-post-thumbnail hentry category-shows-entertainment category-polar\" role=\"listitem\">\n\t\t\t<div class=\"elementor-post__card\">\n\t\t\t\t<a class=\"elementor-post__thumbnail__link\" href=\"https:\/\/chimelongoceankingdom.com\/es\/teatro-beluga-donde-la-elegancia-artica-se-fusiona-con-la-narrativa-de-conservacion\/\" tabindex=\"-1\" ><div class=\"elementor-post__thumbnail\"><img decoding=\"async\" width=\"300\" height=\"156\" src=\"https:\/\/chimelongoceankingdom.com\/wp-content\/uploads\/2026\/02\/Beluga-Theatre-300x156.jpg\" class=\"attachment-medium size-medium wp-image-6021\" alt=\"\" srcset=\"https:\/\/chimelongoceankingdom.com\/wp-content\/uploads\/2026\/02\/Beluga-Theatre-300x156.jpg 300w, https:\/\/chimelongoceankingdom.com\/wp-content\/uploads\/2026\/02\/Beluga-Theatre-1024x532.jpg 1024w, https:\/\/chimelongoceankingdom.com\/wp-content\/uploads\/2026\/02\/Beluga-Theatre-768x399.jpg 768w, https:\/\/chimelongoceankingdom.com\/wp-content\/uploads\/2026\/02\/Beluga-Theatre.jpg 1500w\" sizes=\"(max-width: 300px) 100vw, 300px\" \/><\/div><\/a>\n\t\t\t\t<div class=\"elementor-post__badge\">Espect\u00e1culos y entretenimiento<\/div>\n\t\t\t\t<div class=\"elementor-post__text\">\n\t\t\t\t<h3 class=\"elementor-post__title\">\n\t\t\t<a href=\"https:\/\/chimelongoceankingdom.com\/es\/teatro-beluga-donde-la-elegancia-artica-se-fusiona-con-la-narrativa-de-conservacion\/\" >\n\t\t\t\tTeatro Beluga: Donde la elegancia \u00e1rtica se fusiona con la narrativa de conservaci\u00f3n\t\t\t<\/a>\n\t\t<\/h3>\n\t\t\n\t\t<a class=\"elementor-post__read-more\" href=\"https:\/\/chimelongoceankingdom.com\/es\/teatro-beluga-donde-la-elegancia-artica-se-fusiona-con-la-narrativa-de-conservacion\/\" aria-label=\"Read more about Beluga Theatre: Where Arctic Elegance Meets Conservation Storytelling\" tabindex=\"-1\" >\n\t\t\tLeer m\u00e1s &quot;\u00bb\t\t<\/a>\n\n\t\t\t\t<\/div>\n\t\t\t\t<div class=\"elementor-post__meta-data\">\n\t\t\t\t\t<span class=\"elementor-post-date\">\n\t\t\t13 de febrero de 2026\t\t<\/span>\n\t\t\t\t<span class=\"elementor-post-avatar\">\n\t\t\tNo hay comentarios\t\t<\/span>\n\t\t\t\t<\/div>\n\t\t\t\t\t<\/div>\n\t\t<\/article>\n\t\t\t\t<article class=\"elementor-post elementor-grid-item post-6016 post type-post status-publish format-standard has-post-thumbnail hentry category-shows-entertainment category-mt-walrus\" role=\"listitem\">\n\t\t\t<div class=\"elementor-post__card\">\n\t\t\t\t<a class=\"elementor-post__thumbnail__link\" href=\"https:\/\/chimelongoceankingdom.com\/es\/teatro-de-leones-marinos-donde-la-precision-ludica-se-une-a-la-conservacion-del-oceano\/\" tabindex=\"-1\" ><div class=\"elementor-post__thumbnail\"><img decoding=\"async\" width=\"300\" height=\"156\" src=\"https:\/\/chimelongoceankingdom.com\/wp-content\/uploads\/2026\/02\/Sealion-Theatre-300x156.jpg\" class=\"attachment-medium size-medium wp-image-6017\" alt=\"\" srcset=\"https:\/\/chimelongoceankingdom.com\/wp-content\/uploads\/2026\/02\/Sealion-Theatre-300x156.jpg 300w, https:\/\/chimelongoceankingdom.com\/wp-content\/uploads\/2026\/02\/Sealion-Theatre-1024x532.jpg 1024w, https:\/\/chimelongoceankingdom.com\/wp-content\/uploads\/2026\/02\/Sealion-Theatre-768x399.jpg 768w, https:\/\/chimelongoceankingdom.com\/wp-content\/uploads\/2026\/02\/Sealion-Theatre.jpg 1500w\" sizes=\"(max-width: 300px) 100vw, 300px\" \/><\/div><\/a>\n\t\t\t\t<div class=\"elementor-post__badge\">Espect\u00e1culos y entretenimiento<\/div>\n\t\t\t\t<div class=\"elementor-post__text\">\n\t\t\t\t<h3 class=\"elementor-post__title\">\n\t\t\t<a href=\"https:\/\/chimelongoceankingdom.com\/es\/teatro-de-leones-marinos-donde-la-precision-ludica-se-une-a-la-conservacion-del-oceano\/\" >\n\t\t\t\tTeatro de leones marinos: donde la precisi\u00f3n l\u00fadica se une a la conservaci\u00f3n de los oc\u00e9anos\t\t\t<\/a>\n\t\t<\/h3>\n\t\t\n\t\t<a class=\"elementor-post__read-more\" href=\"https:\/\/chimelongoceankingdom.com\/es\/teatro-de-leones-marinos-donde-la-precision-ludica-se-une-a-la-conservacion-del-oceano\/\" aria-label=\"Read more about Sea Lion Theatre: Where Playful Precision Meets Ocean Conservation\" tabindex=\"-1\" >\n\t\t\tLeer m\u00e1s &quot;\u00bb\t\t<\/a>\n\n\t\t\t\t<\/div>\n\t\t\t\t<div class=\"elementor-post__meta-data\">\n\t\t\t\t\t<span class=\"elementor-post-date\">\n\t\t\t13 de febrero de 2026\t\t<\/span>\n\t\t\t\t<span class=\"elementor-post-avatar\">\n\t\t\tNo hay comentarios\t\t<\/span>\n\t\t\t\t<\/div>\n\t\t\t\t\t<\/div>\n\t\t<\/article>\n\t\t\t\t<article class=\"elementor-post elementor-grid-item post-6012 post type-post status-publish format-standard has-post-thumbnail hentry category-shows-entertainment\" role=\"listitem\">\n\t\t\t<div class=\"elementor-post__card\">\n\t\t\t\t<a class=\"elementor-post__thumbnail__link\" href=\"https:\/\/chimelongoceankingdom.com\/es\/cine-en-el-castillo-5d-de-kakas-la-gran-aventura-donde-la-magia-cinematografica-se-une-a-la-conservacion-del-oceano\/\" tabindex=\"-1\" ><div class=\"elementor-post__thumbnail\"><img loading=\"lazy\" decoding=\"async\" width=\"300\" height=\"200\" src=\"https:\/\/chimelongoceankingdom.com\/wp-content\/uploads\/2026\/02\/5D-Castle-Cinema-300x200.jpg\" class=\"attachment-medium size-medium wp-image-6014\" alt=\"\" srcset=\"https:\/\/chimelongoceankingdom.com\/wp-content\/uploads\/2026\/02\/5D-Castle-Cinema-300x200.jpg 300w, https:\/\/chimelongoceankingdom.com\/wp-content\/uploads\/2026\/02\/5D-Castle-Cinema-1024x683.jpg 1024w, https:\/\/chimelongoceankingdom.com\/wp-content\/uploads\/2026\/02\/5D-Castle-Cinema-768x512.jpg 768w, https:\/\/chimelongoceankingdom.com\/wp-content\/uploads\/2026\/02\/5D-Castle-Cinema-1536x1024.jpg 1536w, https:\/\/chimelongoceankingdom.com\/wp-content\/uploads\/2026\/02\/5D-Castle-Cinema-2048x1365.jpg 2048w\" sizes=\"(max-width: 300px) 100vw, 300px\" \/><\/div><\/a>\n\t\t\t\t<div class=\"elementor-post__badge\">Espect\u00e1culos y entretenimiento<\/div>\n\t\t\t\t<div class=\"elementor-post__text\">\n\t\t\t\t<h3 class=\"elementor-post__title\">\n\t\t\t<a href=\"https:\/\/chimelongoceankingdom.com\/es\/cine-en-el-castillo-5d-de-kakas-la-gran-aventura-donde-la-magia-cinematografica-se-une-a-la-conservacion-del-oceano\/\" >\n\t\t\t\tCine en el Castillo 5D (La Gran Aventura de Kak\u00e1): Donde la magia cinematogr\u00e1fica se une a la conservaci\u00f3n de los oc\u00e9anos\t\t\t<\/a>\n\t\t<\/h3>\n\t\t\n\t\t<a class=\"elementor-post__read-more\" href=\"https:\/\/chimelongoceankingdom.com\/es\/cine-en-el-castillo-5d-de-kakas-la-gran-aventura-donde-la-magia-cinematografica-se-une-a-la-conservacion-del-oceano\/\" aria-label=\"Read more about 5D Castle Cinema (Kaka&#8217;s Great Adventure): Where Cinematic Magic Meets Ocean Conservation\" tabindex=\"-1\" >\n\t\t\tLeer m\u00e1s &quot;\u00bb\t\t<\/a>\n\n\t\t\t\t<\/div>\n\t\t\t\t<div class=\"elementor-post__meta-data\">\n\t\t\t\t\t<span class=\"elementor-post-date\">\n\t\t\t13 de febrero de 2026\t\t<\/span>\n\t\t\t\t<span class=\"elementor-post-avatar\">\n\t\t\tNo hay comentarios\t\t<\/span>\n\t\t\t\t<\/div>\n\t\t\t\t\t<\/div>\n\t\t<\/article>\n\t\t\t\t<article class=\"elementor-post elementor-grid-item post-6006 post type-post status-publish format-standard has-post-thumbnail hentry category-shows-entertainment\" role=\"listitem\">\n\t\t\t<div class=\"elementor-post__card\">\n\t\t\t\t<a class=\"elementor-post__thumbnail__link\" href=\"https:\/\/chimelongoceankingdom.com\/es\/el-espectacular-flyboard-donde-el-vuelo-humano-se-encuentra-con-la-maravilla-oceanica\/\" tabindex=\"-1\" ><div class=\"elementor-post__thumbnail\"><img loading=\"lazy\" decoding=\"async\" width=\"300\" height=\"156\" src=\"https:\/\/chimelongoceankingdom.com\/wp-content\/uploads\/2026\/02\/Flybord-Spectacular-300x156.jpg\" class=\"attachment-medium size-medium wp-image-6010\" alt=\"\" srcset=\"https:\/\/chimelongoceankingdom.com\/wp-content\/uploads\/2026\/02\/Flybord-Spectacular-300x156.jpg 300w, https:\/\/chimelongoceankingdom.com\/wp-content\/uploads\/2026\/02\/Flybord-Spectacular-1024x532.jpg 1024w, https:\/\/chimelongoceankingdom.com\/wp-content\/uploads\/2026\/02\/Flybord-Spectacular-768x399.jpg 768w, https:\/\/chimelongoceankingdom.com\/wp-content\/uploads\/2026\/02\/Flybord-Spectacular.jpg 1500w\" sizes=\"(max-width: 300px) 100vw, 300px\" \/><\/div><\/a>\n\t\t\t\t<div class=\"elementor-post__badge\">Espect\u00e1culos y entretenimiento<\/div>\n\t\t\t\t<div class=\"elementor-post__text\">\n\t\t\t\t<h3 class=\"elementor-post__title\">\n\t\t\t<a href=\"https:\/\/chimelongoceankingdom.com\/es\/el-espectacular-flyboard-donde-el-vuelo-humano-se-encuentra-con-la-maravilla-oceanica\/\" >\n\t\t\t\tFlybord Spectacular: Donde el vuelo humano se encuentra con la maravilla oce\u00e1nica\t\t\t<\/a>\n\t\t<\/h3>\n\t\t\n\t\t<a class=\"elementor-post__read-more\" href=\"https:\/\/chimelongoceankingdom.com\/es\/el-espectacular-flyboard-donde-el-vuelo-humano-se-encuentra-con-la-maravilla-oceanica\/\" aria-label=\"Read more about Flybord Spectacular: Where Human Flight Meets Oceanic Wonder\" tabindex=\"-1\" >\n\t\t\tLeer m\u00e1s &quot;\u00bb\t\t<\/a>\n\n\t\t\t\t<\/div>\n\t\t\t\t<div class=\"elementor-post__meta-data\">\n\t\t\t\t\t<span class=\"elementor-post-date\">\n\t\t\t13 de febrero de 2026\t\t<\/span>\n\t\t\t\t<span class=\"elementor-post-avatar\">\n\t\t\tNo hay comentarios\t\t<\/span>\n\t\t\t\t<\/div>\n\t\t\t\t\t<\/div>\n\t\t<\/article>\n\t\t\t\t<article class=\"elementor-post elementor-grid-item post-6000 post type-post status-publish format-standard has-post-thumbnail hentry category-shows-entertainment\" role=\"listitem\">\n\t\t\t<div class=\"elementor-post__card\">\n\t\t\t\t<a class=\"elementor-post__thumbnail__link\" href=\"https:\/\/chimelongoceankingdom.com\/es\/el-viaje-de-las-luces-del-reino-oceanico-donde-la-magia-nocturna-se-convierte-en-una-sinfonia-de-conservacion\/\" tabindex=\"-1\" ><div class=\"elementor-post__thumbnail\"><img loading=\"lazy\" decoding=\"async\" width=\"300\" height=\"156\" src=\"https:\/\/chimelongoceankingdom.com\/wp-content\/uploads\/2026\/02\/Ocean-Kingdom-Journey-of-Lights-Parade-300x156.jpg\" class=\"attachment-medium size-medium wp-image-6004\" alt=\"\" srcset=\"https:\/\/chimelongoceankingdom.com\/wp-content\/uploads\/2026\/02\/Ocean-Kingdom-Journey-of-Lights-Parade-300x156.jpg 300w, https:\/\/chimelongoceankingdom.com\/wp-content\/uploads\/2026\/02\/Ocean-Kingdom-Journey-of-Lights-Parade-1024x532.jpg 1024w, https:\/\/chimelongoceankingdom.com\/wp-content\/uploads\/2026\/02\/Ocean-Kingdom-Journey-of-Lights-Parade-768x399.jpg 768w, https:\/\/chimelongoceankingdom.com\/wp-content\/uploads\/2026\/02\/Ocean-Kingdom-Journey-of-Lights-Parade.jpg 1500w\" sizes=\"(max-width: 300px) 100vw, 300px\" \/><\/div><\/a>\n\t\t\t\t<div class=\"elementor-post__badge\">Espect\u00e1culos y entretenimiento<\/div>\n\t\t\t\t<div class=\"elementor-post__text\">\n\t\t\t\t<h3 class=\"elementor-post__title\">\n\t\t\t<a href=\"https:\/\/chimelongoceankingdom.com\/es\/el-viaje-de-las-luces-del-reino-oceanico-donde-la-magia-nocturna-se-convierte-en-una-sinfonia-de-conservacion\/\" >\n\t\t\t\tDesfile de Luces del Reino del Oc\u00e9ano: Donde la magia nocturna se convierte en una sinfon\u00eda de conservaci\u00f3n\t\t\t<\/a>\n\t\t<\/h3>\n\t\t\n\t\t<a class=\"elementor-post__read-more\" href=\"https:\/\/chimelongoceankingdom.com\/es\/el-viaje-de-las-luces-del-reino-oceanico-donde-la-magia-nocturna-se-convierte-en-una-sinfonia-de-conservacion\/\" aria-label=\"Read more about Ocean Kingdom Journey of Lights Parade: Where Nighttime Magic Becomes a Conservation Symphony\" tabindex=\"-1\" >\n\t\t\tLeer m\u00e1s &quot;\u00bb\t\t<\/a>\n\n\t\t\t\t<\/div>\n\t\t\t\t<div class=\"elementor-post__meta-data\">\n\t\t\t\t\t<span class=\"elementor-post-date\">\n\t\t\t13 de febrero de 2026\t\t<\/span>\n\t\t\t\t<span class=\"elementor-post-avatar\">\n\t\t\tNo hay comentarios\t\t<\/span>\n\t\t\t\t<\/div>\n\t\t\t\t\t<\/div>\n\t\t<\/article>\n\t\t\t\t<\/div>\n\t\t\n\t\t\t\t\t\t<\/div>\n\t\t\t\t<\/div>\n\t\t\t\t\t<\/div>\n\t\t\t\t<\/div>\n\t\t\t\t<\/div>","protected":false},"excerpt":{"rendered":"","protected":false},"author":1,"featured_media":0,"parent":0,"menu_order":0,"comment_status":"closed","ping_status":"closed","template":"","meta":{"footnotes":""},"class_list":["post-6256","page","type-page","status-publish","hentry"],"_links":{"self":[{"href":"https:\/\/chimelongoceankingdom.com\/es\/wp-json\/wp\/v2\/pages\/6256","targetHints":{"allow":["GET"]}}],"collection":[{"href":"https:\/\/chimelongoceankingdom.com\/es\/wp-json\/wp\/v2\/pages"}],"about":[{"href":"https:\/\/chimelongoceankingdom.com\/es\/wp-json\/wp\/v2\/types\/page"}],"author":[{"embeddable":true,"href":"https:\/\/chimelongoceankingdom.com\/es\/wp-json\/wp\/v2\/users\/1"}],"replies":[{"embeddable":true,"href":"https:\/\/chimelongoceankingdom.com\/es\/wp-json\/wp\/v2\/comments?post=6256"}],"version-history":[{"count":0,"href":"https:\/\/chimelongoceankingdom.com\/es\/wp-json\/wp\/v2\/pages\/6256\/revisions"}],"wp:attachment":[{"href":"https:\/\/chimelongoceankingdom.com\/es\/wp-json\/wp\/v2\/media?parent=6256"}],"curies":[{"name":"wp","href":"https:\/\/api.w.org\/{rel}","templated":true}]}}