{"id":2103,"date":"2021-03-23T04:33:54","date_gmt":"2021-03-23T04:33:54","guid":{"rendered":"http:\/\/localhost\/nuss\/?page_id=103"},"modified":"2026-02-14T03:44:42","modified_gmt":"2026-02-14T03:44:42","slug":"a-propos-de-nous","status":"publish","type":"page","link":"https:\/\/chimelongoceankingdom.com\/fr\/a-propos-de-nous\/","title":{"rendered":"\u00c0 propos de nous"},"content":{"rendered":"<div data-elementor-type=\"wp-page\" data-elementor-id=\"2103\" class=\"elementor elementor-2103\" data-elementor-post-type=\"page\">\n\t\t\t\t\t\t<section class=\"elementor-section elementor-top-section elementor-element elementor-element-8f5bb9d elementor-section-boxed elementor-section-gap-beside-yes elementor-section-height-default elementor-section-height-default elementor-section-column-vertical-align-stretch\" data-id=\"8f5bb9d\" data-element_type=\"section\" data-e-type=\"section\">\n\t\t\t\t\t\t<div class=\"elementor-container elementor-column-gap-extended\">\n\t\t\t\t\t<div class=\"elementor-column elementor-col-100 elementor-top-column elementor-element elementor-element-7ec4215\" data-id=\"7ec4215\" data-element_type=\"column\" data-e-type=\"column\">\n\t\t\t<div class=\"elementor-widget-wrap elementor-element-populated\">\n\t\t\t\t\t\t<div class=\"elementor-element elementor-element-edd9d03 elementor-widget__width-initial elementor-invisible elementor-widget elementor-widget-text-editor\" data-id=\"edd9d03\" data-element_type=\"widget\" data-e-type=\"widget\" data-settings=\"{&quot;_animation&quot;:&quot;nussFadeInUp&quot;}\" data-widget_type=\"text-editor.default\">\n\t\t\t\t\t\t\t\t\t<p><strong class=\"qwen-markdown-strong\"><span class=\"qwen-markdown-text\">D\u00e9couvrez le plus grand parc marin \u00e0 th\u00e8me du monde\u00a0: Chimelong Ocean Kingdom \u00e0 Zhuhai \u2013 o\u00f9 merveilles oc\u00e9aniques, sensations fortes et conservation prennent vie.<\/span><\/strong><\/p>\t\t\t\t\t\t\t\t<\/div>\n\t\t\t\t\t<\/div>\n\t\t<\/div>\n\t\t\t\t\t<\/div>\n\t\t<\/section>\n\t\t<div class=\"elementor-element elementor-element-673ae88 e-flex e-con-boxed e-con e-parent\" data-id=\"673ae88\" data-element_type=\"container\" data-e-type=\"container\">\n\t\t\t\t\t<div class=\"e-con-inner\">\n\t\t\t\t<div class=\"elementor-element elementor-element-25a9a33 elementor-widget elementor-widget-text-editor\" data-id=\"25a9a33\" data-element_type=\"widget\" data-e-type=\"widget\" data-widget_type=\"text-editor.default\">\n\t\t\t\t\t\t\t\t\t<div class=\"response-message-content t2t phase-answer\"><div class=\"custom-qwen-markdown\"><div class=\"qwen-markdown qwen-markdown-loose\"><div class=\"qwen-markdown-space\">\u00a0<\/div><div class=\"qwen-markdown-paragraph\"><span class=\"qwen-markdown-text\">Nich\u00e9 le long du littoral immacul\u00e9 de <\/span><strong class=\"qwen-markdown-strong\"><span class=\"qwen-markdown-text\">Baie de Fuxiang dans le nouveau district de Hengqin, ville de Zhuhai<\/span><\/strong><span class=\"qwen-markdown-text\">, le <\/span><strong class=\"qwen-markdown-strong\"><span class=\"qwen-markdown-text\">Royaume oc\u00e9anique de Chimelong<\/span><\/strong><span class=\"qwen-markdown-text\"> (partie de l&#039;expansion <\/span><strong class=\"qwen-markdown-strong\"><span class=\"qwen-markdown-text\">Zhuhai Changlong Resort<\/span><\/strong><span class=\"qwen-markdown-text\">) n&#039;est pas seulement un parc d&#039;attractions, c&#039;est un <\/span><em><span class=\"qwen-markdown-text\">symphonie vivante de l&#039;oc\u00e9an<\/span><\/em><span class=\"qwen-markdown-text\"> o\u00f9 science, narration, durabilit\u00e9 et spectacle convergent pour cr\u00e9er une exp\u00e9rience inoubliable. <\/span><strong class=\"qwen-markdown-strong\"><span class=\"qwen-markdown-text\">le plus grand parc \u00e0 th\u00e8me marin du monde<\/span><\/strong><span class=\"qwen-markdown-text\">\u2014S&#039;\u00e9tendant sur plus de 5,25 millions de m\u00e8tres carr\u00e9s\u2014Chimelong Ocean Kingdom red\u00e9finit ce que peut \u00eatre un parc \u00e0 th\u00e8me\u00a0: un sanctuaire pour les esp\u00e8ces menac\u00e9es, une sc\u00e8ne pour des spectacles \u00e9poustouflants, un terrain de jeu pour les amateurs de sensations fortes et une salle de classe pour la prochaine g\u00e9n\u00e9ration de gardiens des oc\u00e9ans.<\/span><\/div><div class=\"qwen-markdown-space\">\u00a0<\/div><div class=\"qwen-markdown-paragraph\"><span class=\"qwen-markdown-text\">Situ\u00e9 \u00e0 <\/span><strong class=\"qwen-markdown-strong\"><span class=\"qwen-markdown-text\">Zhuhai Changlong Resort, baie de Fuxiang, nouveau district de Hengqin, ville de Zhuhai, province du Guangdong, Chine<\/span><\/strong><span class=\"qwen-markdown-text\">, Cette destination embl\u00e9matique se situe au c\u0153ur de la r\u00e9gion de la Grande Baie, \u00e0 seulement 40 minutes de route de Macao et \u00e0 1 heure de l&#039;a\u00e9roport international de Hong Kong, ce qui la rend facilement accessible aux voyageurs internationaux en qu\u00eate d&#039;une aventure typiquement chinoise mais \u00e0 port\u00e9e mondiale.<\/span><\/div><div class=\"qwen-markdown-space\">\u00a0<\/div><div class=\"qwen-markdown-paragraph\"><span class=\"qwen-markdown-text\">Ici, vous voyagerez \u00e0 travers <\/span><strong class=\"qwen-markdown-strong\"><span class=\"qwen-markdown-text\">huit zones th\u00e9matiques immersives<\/span><\/strong><span class=\"qwen-markdown-text\">, de l&#039;impressionnant <\/span><strong class=\"qwen-markdown-strong\"><span class=\"qwen-markdown-text\">Aquarium des requins-baleines<\/span><\/strong><span class=\"qwen-markdown-text\">\u2014abritant le plus grand aquarium du monde et des g\u00e9ants paisibles comme les requins-baleines et les raies manta \u2014 \u00e0 la majest\u00e9 glac\u00e9e de <\/span><strong class=\"qwen-markdown-strong\"><span class=\"qwen-markdown-text\">Horizon polaire<\/span><\/strong><span class=\"qwen-markdown-text\">, o\u00f9 des ours polaires, des b\u00e9lugas et des manchots sauv\u00e9s prosp\u00e8rent dans des habitats arctiques m\u00e9ticuleusement recr\u00e9\u00e9s. Vous planerez sur le <\/span><strong class=\"qwen-markdown-strong\"><span class=\"qwen-markdown-text\">Dessous de verre perroquet<\/span><\/strong><span class=\"qwen-markdown-text\"> \u00c0 travers des canop\u00e9es de for\u00eat tropicale simul\u00e9es, plongez dans l&#039;ab\u00eeme sur le <\/span><strong class=\"qwen-markdown-strong\"><span class=\"qwen-markdown-text\">Tour des Monstres Marins<\/span><\/strong><span class=\"qwen-markdown-text\">, et assistez \u00e0 la magie de <\/span><strong class=\"qwen-markdown-strong\"><span class=\"qwen-markdown-text\">D\u00e9fil\u00e9 lumineux du Royaume de l&#039;Oc\u00e9an<\/span><\/strong><span class=\"qwen-markdown-text\">, o\u00f9 des flotteurs \u00e0 \u00e9nergie solaire, fabriqu\u00e9s \u00e0 partir de plastique oc\u00e9anique recycl\u00e9, illuminent la nuit d&#039;une merveilleuse bioluminescence.<\/span><\/div><div class=\"qwen-markdown-space\">\u00a0<\/div><div class=\"qwen-markdown-paragraph\"><span class=\"qwen-markdown-text\">Mais ce qui distingue v\u00e9ritablement Chimelong Ocean Kingdom, c&#039;est son engagement ind\u00e9fectible envers <\/span><strong class=\"qwen-markdown-strong\"><span class=\"qwen-markdown-text\">la conservation comme divertissement<\/span><\/strong><span class=\"qwen-markdown-text\">. Chaque attraction, spectacle et exposition est con\u00e7u non seulement pour procurer des sensations fortes, mais aussi pour inciter \u00e0 l&#039;action\u00a0:<\/span><br \/><span class=\"qwen-markdown-text\">\u2705 Adoptez symboliquement une tortue marine, un lamantin ou un morse sauv\u00e9s<\/span><br \/><span class=\"qwen-markdown-text\">\u2705 Suivez en temps r\u00e9el la restauration des coraux gr\u00e2ce \u00e0 des bornes interactives<\/span><br \/><span class=\"qwen-markdown-text\">\u2705 Participez aux programmes \u201c Adoptez un habitat \u201d qui financent la r\u00e9habilitation des herbiers marins<\/span><br \/><span class=\"qwen-markdown-text\">\u2705 L&#039;exp\u00e9rience montre comme <\/span><em><span class=\"qwen-markdown-text\">Symphonie de l&#039;oc\u00e9an<\/span><\/em><span class=\"qwen-markdown-text\"> et <\/span><em><span class=\"qwen-markdown-text\">Odyss\u00e9e en eaux profondes<\/span><\/em><span class=\"qwen-markdown-text\">\u2014o\u00f9 la projection vid\u00e9o, l&#039;orchestration en direct et les donn\u00e9es environnementales transforment la narration en responsabilit\u00e9 environnementale <\/span><\/div><div class=\"qwen-markdown-space\">\u00a0<\/div><div class=\"qwen-markdown-paragraph\"><span class=\"qwen-markdown-text\">Les f\u00eates saisonni\u00e8res comme les vibrantes <\/span><strong class=\"qwen-markdown-strong\"><span class=\"qwen-markdown-text\">D\u00e9fil\u00e9 de printemps<\/span><\/strong><span class=\"qwen-markdown-text\">, le romantique <\/span><strong class=\"qwen-markdown-strong\"><span class=\"qwen-markdown-text\">Feux d&#039;artifice en soir\u00e9e au-dessus de la baie d&#039;Oceanic<\/span><\/strong><span class=\"qwen-markdown-text\">, et l&#039;exclusivit\u00e9 <\/span><strong class=\"qwen-markdown-strong\"><span class=\"qwen-markdown-text\">\u201c Festival du bien-\u00eatre \u201d<\/span><\/strong><span class=\"qwen-markdown-text\"> Les quatre h\u00f4tels \u00e0 th\u00e8me de luxe du complexe transforment l&#039;exp\u00e9rience en une c\u00e9l\u00e9bration holistique du renouveau, de la joie et du lien social, avec un acc\u00e8s privil\u00e9gi\u00e9 aux b\u00e9b\u00e9s orques \u00e0 bord du <\/span><strong class=\"qwen-markdown-strong\"><span class=\"qwen-markdown-text\">Vaisseau spatial Chimelong<\/span><\/strong><span class=\"qwen-markdown-text\">, des s\u00e9ances photos sur le th\u00e8me des sir\u00e8nes, et le spectaculaire <\/span><em><span class=\"qwen-markdown-text\">Spectacle de Chimelong<\/span><\/em><span class=\"qwen-markdown-text\"> \u00e0 proximit\u00e9 <\/span><strong class=\"qwen-markdown-strong\"><span class=\"qwen-markdown-text\">Th\u00e9\u00e2tre Chimelong \u00e0 Zhuhai<\/span><\/strong><span class=\"qwen-markdown-text\">.<\/span><\/div><div class=\"qwen-markdown-space\">\u00a0<\/div><div class=\"qwen-markdown-paragraph\"><span class=\"qwen-markdown-text\">Que vous soyez une famille en qu\u00eate d&#039;\u00e9merveillement, un amateur de sensations fortes \u00e0 la recherche de forces G, un d\u00e9fenseur de l&#039;environnement inspir\u00e9 par une conception ax\u00e9e sur un objectif pr\u00e9cis, ou un voyageur avide d&#039;une immersion culturelle authentique alli\u00e9e \u00e0 des divertissements de classe mondiale \u2014<\/span><strong class=\"qwen-markdown-strong\"><span class=\"qwen-markdown-text\">Royaume oc\u00e9anique de Chimelong<\/span><\/strong><span class=\"qwen-markdown-text\"> Il offre bien plus que des souvenirs. Il offre un <\/span><em><span class=\"qwen-markdown-text\">mouvement<\/span><\/em><span class=\"qwen-markdown-text\">: un appel \u00e0 prot\u00e9ger notre plan\u00e8te bleue, un moment joyeux, immersif et inoubliable \u00e0 la fois.<\/span><\/div><div class=\"qwen-markdown-space\">\u00a0<\/div><div class=\"qwen-markdown-paragraph\"><span class=\"qwen-markdown-text\">\ud83d\udccd <\/span><strong class=\"qwen-markdown-strong\"><span class=\"qwen-markdown-text\">Adresse<\/span><\/strong><span class=\"qwen-markdown-text\">: Zhuhai Changlong Resort, baie de Fuxiang, nouveau district de Hengqin, ville de Zhuhai, province du Guangdong, Chine<\/span><br \/><span class=\"qwen-markdown-text\">\ud83c\udf10 <\/span><strong class=\"qwen-markdown-strong\"><span class=\"qwen-markdown-text\">Pourquoi visiter ?<\/span><\/strong><span class=\"qwen-markdown-text\"> Car l&#039;avenir des parcs d&#039;attractions ne se r\u00e9sume pas au divertissement\u00a0; il est porteur de sens. Et \u00e0 Chimelong Ocean Kingdom, l&#039;oc\u00e9an ne se contente pas de vous entourer\u2026 il vous parle. \ud83c\udf0a\ud83d\udc2c\u2728<\/span><\/div><div class=\"qwen-markdown-space\">\u00a0<\/div><div class=\"qwen-markdown-paragraph\" data-spm-anchor-id=\"a2ty_o01.29997173.0.i9.61885171i3p6Ei\"><em><span class=\"qwen-markdown-text\">Envie d&#039;aller plus loin\u00a0? D\u00e9couvrez nos formules de billets, nos \u00e9v\u00e9nements saisonniers et nos conseils d&#039;initi\u00e9s pour planifier votre aventure id\u00e9ale \u00e0 Zhuhai, o\u00f9 chaque vague raconte une histoire et o\u00f9 chaque visite laisse le monde un peu meilleur.<\/span><\/em><\/div><\/div><\/div><\/div>\t\t\t\t\t\t\t\t<\/div>\n\t\t\t\t\t<\/div>\n\t\t\t\t<\/div>\n\t\t\t\t<\/div>","protected":false},"excerpt":{"rendered":"<p>Discover the World\u2019s Largest Marine Theme Park: Chimelong Ocean Kingdom in Zhuhai \u2014 Where Oceanic Wonder, Cutting-Edge Thrills, and Conservation Come Alive \u00a0Nestled along the pristine coastline of Fuxiang Bay in Hengqin New District, Zhuhai City, the Chimelong Ocean Kingdom (part of the expansive Zhuhai Changlong Resort) isn\u2019t just an amusement park\u2014it\u2019s a living ocean [&hellip;]<\/p>\n","protected":false},"author":1,"featured_media":0,"parent":0,"menu_order":0,"comment_status":"closed","ping_status":"closed","template":"elementor_header_footer","meta":{"footnotes":""},"class_list":["post-2103","page","type-page","status-publish","hentry","post-no-thumbnail"],"_links":{"self":[{"href":"https:\/\/chimelongoceankingdom.com\/fr\/wp-json\/wp\/v2\/pages\/2103","targetHints":{"allow":["GET"]}}],"collection":[{"href":"https:\/\/chimelongoceankingdom.com\/fr\/wp-json\/wp\/v2\/pages"}],"about":[{"href":"https:\/\/chimelongoceankingdom.com\/fr\/wp-json\/wp\/v2\/types\/page"}],"author":[{"embeddable":true,"href":"https:\/\/chimelongoceankingdom.com\/fr\/wp-json\/wp\/v2\/users\/1"}],"replies":[{"embeddable":true,"href":"https:\/\/chimelongoceankingdom.com\/fr\/wp-json\/wp\/v2\/comments?post=2103"}],"version-history":[{"count":0,"href":"https:\/\/chimelongoceankingdom.com\/fr\/wp-json\/wp\/v2\/pages\/2103\/revisions"}],"wp:attachment":[{"href":"https:\/\/chimelongoceankingdom.com\/fr\/wp-json\/wp\/v2\/media?parent=2103"}],"curies":[{"name":"wp","href":"https:\/\/api.w.org\/{rel}","templated":true}]}}