{"id":6256,"date":"2026-02-14T07:02:44","date_gmt":"2026-02-14T07:02:44","guid":{"rendered":"https:\/\/chimelongoceankingdom.com\/?page_id=6256"},"modified":"2026-02-14T07:03:46","modified_gmt":"2026-02-14T07:03:46","slug":"spectacles-de-divertissement","status":"publish","type":"page","link":"https:\/\/chimelongoceankingdom.com\/fr\/spectacles-de-divertissement\/","title":{"rendered":"Spectacles et divertissements"},"content":{"rendered":"<div data-elementor-type=\"wp-page\" data-elementor-id=\"6256\" class=\"elementor elementor-6256\" data-elementor-post-type=\"page\">\n\t\t\t\t<div class=\"elementor-element elementor-element-9d388d5 e-flex e-con-boxed e-con e-parent\" data-id=\"9d388d5\" data-element_type=\"container\" data-e-type=\"container\">\n\t\t\t\t\t<div class=\"e-con-inner\">\n\t\t\t\t<div class=\"elementor-element elementor-element-ced7ca9 elementor-grid-3 elementor-grid-tablet-2 elementor-grid-mobile-1 elementor-posts--thumbnail-top elementor-card-shadow-yes elementor-posts__hover-gradient elementor-widget elementor-widget-posts\" data-id=\"ced7ca9\" data-element_type=\"widget\" data-e-type=\"widget\" data-settings=\"{&quot;cards_columns&quot;:&quot;3&quot;,&quot;cards_columns_tablet&quot;:&quot;2&quot;,&quot;cards_columns_mobile&quot;:&quot;1&quot;,&quot;cards_row_gap&quot;:{&quot;unit&quot;:&quot;px&quot;,&quot;size&quot;:35,&quot;sizes&quot;:[]},&quot;cards_row_gap_tablet&quot;:{&quot;unit&quot;:&quot;px&quot;,&quot;size&quot;:&quot;&quot;,&quot;sizes&quot;:[]},&quot;cards_row_gap_mobile&quot;:{&quot;unit&quot;:&quot;px&quot;,&quot;size&quot;:&quot;&quot;,&quot;sizes&quot;:[]}}\" data-widget_type=\"posts.cards\">\n\t\t\t\t<div class=\"elementor-widget-container\">\n\t\t\t\t\t\t\t<div class=\"elementor-posts-container elementor-posts elementor-posts--skin-cards elementor-grid\" role=\"list\">\n\t\t\t\t<article class=\"elementor-post elementor-grid-item post-6023 post type-post status-publish format-standard has-post-thumbnail hentry category-shows-entertainment\" role=\"listitem\">\n\t\t\t<div class=\"elementor-post__card\">\n\t\t\t\t<a class=\"elementor-post__thumbnail__link\" href=\"https:\/\/chimelongoceankingdom.com\/fr\/theatre-des-dauphins-ou-lintelligence-marine-rencontre-lart-spectaculaire\/\" tabindex=\"-1\" ><div class=\"elementor-post__thumbnail\"><img decoding=\"async\" width=\"300\" height=\"156\" src=\"https:\/\/chimelongoceankingdom.com\/wp-content\/uploads\/2026\/02\/Dolphin-Theatre-300x156.jpg\" class=\"attachment-medium size-medium wp-image-6025\" alt=\"\" srcset=\"https:\/\/chimelongoceankingdom.com\/wp-content\/uploads\/2026\/02\/Dolphin-Theatre-300x156.jpg 300w, https:\/\/chimelongoceankingdom.com\/wp-content\/uploads\/2026\/02\/Dolphin-Theatre-1024x532.jpg 1024w, https:\/\/chimelongoceankingdom.com\/wp-content\/uploads\/2026\/02\/Dolphin-Theatre-768x399.jpg 768w, https:\/\/chimelongoceankingdom.com\/wp-content\/uploads\/2026\/02\/Dolphin-Theatre.jpg 1500w\" sizes=\"(max-width: 300px) 100vw, 300px\" \/><\/div><\/a>\n\t\t\t\t<div class=\"elementor-post__badge\">Spectacles et divertissements<\/div>\n\t\t\t\t<div class=\"elementor-post__text\">\n\t\t\t\t<h3 class=\"elementor-post__title\">\n\t\t\t<a href=\"https:\/\/chimelongoceankingdom.com\/fr\/theatre-des-dauphins-ou-lintelligence-marine-rencontre-lart-spectaculaire\/\" >\n\t\t\t\tTh\u00e9\u00e2tre des Dauphins : Quand l&#039;intelligence marine rencontre l&#039;art spectaculaire\t\t\t<\/a>\n\t\t<\/h3>\n\t\t\n\t\t<a class=\"elementor-post__read-more\" href=\"https:\/\/chimelongoceankingdom.com\/fr\/theatre-des-dauphins-ou-lintelligence-marine-rencontre-lart-spectaculaire\/\" aria-label=\"Read more about Dolphin Theatre: Where Marine Intelligence Meets Spectacular Artistry\" tabindex=\"-1\" >\n\t\t\tEn savoir plus &quot;\u00bb\t\t<\/a>\n\n\t\t\t\t<\/div>\n\t\t\t\t<div class=\"elementor-post__meta-data\">\n\t\t\t\t\t<span class=\"elementor-post-date\">\n\t\t\t13 f\u00e9vrier 2026\t\t<\/span>\n\t\t\t\t<span class=\"elementor-post-avatar\">\n\t\t\tAucun commentaire\t\t<\/span>\n\t\t\t\t<\/div>\n\t\t\t\t\t<\/div>\n\t\t<\/article>\n\t\t\t\t<article class=\"elementor-post elementor-grid-item post-6020 post type-post status-publish format-standard has-post-thumbnail hentry category-shows-entertainment category-polar\" role=\"listitem\">\n\t\t\t<div class=\"elementor-post__card\">\n\t\t\t\t<a class=\"elementor-post__thumbnail__link\" href=\"https:\/\/chimelongoceankingdom.com\/fr\/theatre-beluga-ou-lelegance-arctique-rencontre-le-recit-de-la-conservation\/\" tabindex=\"-1\" ><div class=\"elementor-post__thumbnail\"><img decoding=\"async\" width=\"300\" height=\"156\" src=\"https:\/\/chimelongoceankingdom.com\/wp-content\/uploads\/2026\/02\/Beluga-Theatre-300x156.jpg\" class=\"attachment-medium size-medium wp-image-6021\" alt=\"\" srcset=\"https:\/\/chimelongoceankingdom.com\/wp-content\/uploads\/2026\/02\/Beluga-Theatre-300x156.jpg 300w, https:\/\/chimelongoceankingdom.com\/wp-content\/uploads\/2026\/02\/Beluga-Theatre-1024x532.jpg 1024w, https:\/\/chimelongoceankingdom.com\/wp-content\/uploads\/2026\/02\/Beluga-Theatre-768x399.jpg 768w, https:\/\/chimelongoceankingdom.com\/wp-content\/uploads\/2026\/02\/Beluga-Theatre.jpg 1500w\" sizes=\"(max-width: 300px) 100vw, 300px\" \/><\/div><\/a>\n\t\t\t\t<div class=\"elementor-post__badge\">Spectacles et divertissements<\/div>\n\t\t\t\t<div class=\"elementor-post__text\">\n\t\t\t\t<h3 class=\"elementor-post__title\">\n\t\t\t<a href=\"https:\/\/chimelongoceankingdom.com\/fr\/theatre-beluga-ou-lelegance-arctique-rencontre-le-recit-de-la-conservation\/\" >\n\t\t\t\tTh\u00e9\u00e2tre Beluga : Quand l&#039;\u00e9l\u00e9gance arctique rencontre le r\u00e9cit de la conservation\t\t\t<\/a>\n\t\t<\/h3>\n\t\t\n\t\t<a class=\"elementor-post__read-more\" href=\"https:\/\/chimelongoceankingdom.com\/fr\/theatre-beluga-ou-lelegance-arctique-rencontre-le-recit-de-la-conservation\/\" aria-label=\"Read more about Beluga Theatre: Where Arctic Elegance Meets Conservation Storytelling\" tabindex=\"-1\" >\n\t\t\tEn savoir plus &quot;\u00bb\t\t<\/a>\n\n\t\t\t\t<\/div>\n\t\t\t\t<div class=\"elementor-post__meta-data\">\n\t\t\t\t\t<span class=\"elementor-post-date\">\n\t\t\t13 f\u00e9vrier 2026\t\t<\/span>\n\t\t\t\t<span class=\"elementor-post-avatar\">\n\t\t\tAucun commentaire\t\t<\/span>\n\t\t\t\t<\/div>\n\t\t\t\t\t<\/div>\n\t\t<\/article>\n\t\t\t\t<article class=\"elementor-post elementor-grid-item post-6016 post type-post status-publish format-standard has-post-thumbnail hentry category-shows-entertainment category-mt-walrus\" role=\"listitem\">\n\t\t\t<div class=\"elementor-post__card\">\n\t\t\t\t<a class=\"elementor-post__thumbnail__link\" href=\"https:\/\/chimelongoceankingdom.com\/fr\/theatre-des-otaries-ou-la-precision-ludique-rencontre-la-conservation-des-oceans\/\" tabindex=\"-1\" ><div class=\"elementor-post__thumbnail\"><img decoding=\"async\" width=\"300\" height=\"156\" src=\"https:\/\/chimelongoceankingdom.com\/wp-content\/uploads\/2026\/02\/Sealion-Theatre-300x156.jpg\" class=\"attachment-medium size-medium wp-image-6017\" alt=\"\" srcset=\"https:\/\/chimelongoceankingdom.com\/wp-content\/uploads\/2026\/02\/Sealion-Theatre-300x156.jpg 300w, https:\/\/chimelongoceankingdom.com\/wp-content\/uploads\/2026\/02\/Sealion-Theatre-1024x532.jpg 1024w, https:\/\/chimelongoceankingdom.com\/wp-content\/uploads\/2026\/02\/Sealion-Theatre-768x399.jpg 768w, https:\/\/chimelongoceankingdom.com\/wp-content\/uploads\/2026\/02\/Sealion-Theatre.jpg 1500w\" sizes=\"(max-width: 300px) 100vw, 300px\" \/><\/div><\/a>\n\t\t\t\t<div class=\"elementor-post__badge\">Spectacles et divertissements<\/div>\n\t\t\t\t<div class=\"elementor-post__text\">\n\t\t\t\t<h3 class=\"elementor-post__title\">\n\t\t\t<a href=\"https:\/\/chimelongoceankingdom.com\/fr\/theatre-des-otaries-ou-la-precision-ludique-rencontre-la-conservation-des-oceans\/\" >\n\t\t\t\tTh\u00e9\u00e2tre des otaries : quand la pr\u00e9cision ludique rencontre la conservation des oc\u00e9ans\t\t\t<\/a>\n\t\t<\/h3>\n\t\t\n\t\t<a class=\"elementor-post__read-more\" href=\"https:\/\/chimelongoceankingdom.com\/fr\/theatre-des-otaries-ou-la-precision-ludique-rencontre-la-conservation-des-oceans\/\" aria-label=\"Read more about Sea Lion Theatre: Where Playful Precision Meets Ocean Conservation\" tabindex=\"-1\" >\n\t\t\tEn savoir plus &quot;\u00bb\t\t<\/a>\n\n\t\t\t\t<\/div>\n\t\t\t\t<div class=\"elementor-post__meta-data\">\n\t\t\t\t\t<span class=\"elementor-post-date\">\n\t\t\t13 f\u00e9vrier 2026\t\t<\/span>\n\t\t\t\t<span class=\"elementor-post-avatar\">\n\t\t\tAucun commentaire\t\t<\/span>\n\t\t\t\t<\/div>\n\t\t\t\t\t<\/div>\n\t\t<\/article>\n\t\t\t\t<article class=\"elementor-post elementor-grid-item post-6012 post type-post status-publish format-standard has-post-thumbnail hentry category-shows-entertainment\" role=\"listitem\">\n\t\t\t<div class=\"elementor-post__card\">\n\t\t\t\t<a class=\"elementor-post__thumbnail__link\" href=\"https:\/\/chimelongoceankingdom.com\/fr\/cinema-5d-au-chateau-de-kakas-une-grande-aventure-ou-la-magie-du-cinema-rencontre-la-protection-des-oceans\/\" tabindex=\"-1\" ><div class=\"elementor-post__thumbnail\"><img loading=\"lazy\" decoding=\"async\" width=\"300\" height=\"200\" src=\"https:\/\/chimelongoceankingdom.com\/wp-content\/uploads\/2026\/02\/5D-Castle-Cinema-300x200.jpg\" class=\"attachment-medium size-medium wp-image-6014\" alt=\"\" srcset=\"https:\/\/chimelongoceankingdom.com\/wp-content\/uploads\/2026\/02\/5D-Castle-Cinema-300x200.jpg 300w, https:\/\/chimelongoceankingdom.com\/wp-content\/uploads\/2026\/02\/5D-Castle-Cinema-1024x683.jpg 1024w, https:\/\/chimelongoceankingdom.com\/wp-content\/uploads\/2026\/02\/5D-Castle-Cinema-768x512.jpg 768w, https:\/\/chimelongoceankingdom.com\/wp-content\/uploads\/2026\/02\/5D-Castle-Cinema-1536x1024.jpg 1536w, https:\/\/chimelongoceankingdom.com\/wp-content\/uploads\/2026\/02\/5D-Castle-Cinema-2048x1365.jpg 2048w\" sizes=\"(max-width: 300px) 100vw, 300px\" \/><\/div><\/a>\n\t\t\t\t<div class=\"elementor-post__badge\">Spectacles et divertissements<\/div>\n\t\t\t\t<div class=\"elementor-post__text\">\n\t\t\t\t<h3 class=\"elementor-post__title\">\n\t\t\t<a href=\"https:\/\/chimelongoceankingdom.com\/fr\/cinema-5d-au-chateau-de-kakas-une-grande-aventure-ou-la-magie-du-cinema-rencontre-la-protection-des-oceans\/\" >\n\t\t\t\tCin\u00e9ma du ch\u00e2teau en 5D (La Grande Aventure de Kaka) : Quand la magie du cin\u00e9ma rencontre la protection des oc\u00e9ans\t\t\t<\/a>\n\t\t<\/h3>\n\t\t\n\t\t<a class=\"elementor-post__read-more\" href=\"https:\/\/chimelongoceankingdom.com\/fr\/cinema-5d-au-chateau-de-kakas-une-grande-aventure-ou-la-magie-du-cinema-rencontre-la-protection-des-oceans\/\" aria-label=\"Read more about 5D Castle Cinema (Kaka&#8217;s Great Adventure): Where Cinematic Magic Meets Ocean Conservation\" tabindex=\"-1\" >\n\t\t\tEn savoir plus &quot;\u00bb\t\t<\/a>\n\n\t\t\t\t<\/div>\n\t\t\t\t<div class=\"elementor-post__meta-data\">\n\t\t\t\t\t<span class=\"elementor-post-date\">\n\t\t\t13 f\u00e9vrier 2026\t\t<\/span>\n\t\t\t\t<span class=\"elementor-post-avatar\">\n\t\t\tAucun commentaire\t\t<\/span>\n\t\t\t\t<\/div>\n\t\t\t\t\t<\/div>\n\t\t<\/article>\n\t\t\t\t<article class=\"elementor-post elementor-grid-item post-6006 post type-post status-publish format-standard has-post-thumbnail hentry category-shows-entertainment\" role=\"listitem\">\n\t\t\t<div class=\"elementor-post__card\">\n\t\t\t\t<a class=\"elementor-post__thumbnail__link\" href=\"https:\/\/chimelongoceankingdom.com\/fr\/flyboard-spectaculaire-ou-le-vol-humain-rencontre-les-merveilles-oceaniques\/\" tabindex=\"-1\" ><div class=\"elementor-post__thumbnail\"><img loading=\"lazy\" decoding=\"async\" width=\"300\" height=\"156\" src=\"https:\/\/chimelongoceankingdom.com\/wp-content\/uploads\/2026\/02\/Flybord-Spectacular-300x156.jpg\" class=\"attachment-medium size-medium wp-image-6010\" alt=\"\" srcset=\"https:\/\/chimelongoceankingdom.com\/wp-content\/uploads\/2026\/02\/Flybord-Spectacular-300x156.jpg 300w, https:\/\/chimelongoceankingdom.com\/wp-content\/uploads\/2026\/02\/Flybord-Spectacular-1024x532.jpg 1024w, https:\/\/chimelongoceankingdom.com\/wp-content\/uploads\/2026\/02\/Flybord-Spectacular-768x399.jpg 768w, https:\/\/chimelongoceankingdom.com\/wp-content\/uploads\/2026\/02\/Flybord-Spectacular.jpg 1500w\" sizes=\"(max-width: 300px) 100vw, 300px\" \/><\/div><\/a>\n\t\t\t\t<div class=\"elementor-post__badge\">Spectacles et divertissements<\/div>\n\t\t\t\t<div class=\"elementor-post__text\">\n\t\t\t\t<h3 class=\"elementor-post__title\">\n\t\t\t<a href=\"https:\/\/chimelongoceankingdom.com\/fr\/flyboard-spectaculaire-ou-le-vol-humain-rencontre-les-merveilles-oceaniques\/\" >\n\t\t\t\tSpectacle Flybord : Quand le vol humain rencontre les merveilles oc\u00e9aniques\t\t\t<\/a>\n\t\t<\/h3>\n\t\t\n\t\t<a class=\"elementor-post__read-more\" href=\"https:\/\/chimelongoceankingdom.com\/fr\/flyboard-spectaculaire-ou-le-vol-humain-rencontre-les-merveilles-oceaniques\/\" aria-label=\"Read more about Flybord Spectacular: Where Human Flight Meets Oceanic Wonder\" tabindex=\"-1\" >\n\t\t\tEn savoir plus &quot;\u00bb\t\t<\/a>\n\n\t\t\t\t<\/div>\n\t\t\t\t<div class=\"elementor-post__meta-data\">\n\t\t\t\t\t<span class=\"elementor-post-date\">\n\t\t\t13 f\u00e9vrier 2026\t\t<\/span>\n\t\t\t\t<span class=\"elementor-post-avatar\">\n\t\t\tAucun commentaire\t\t<\/span>\n\t\t\t\t<\/div>\n\t\t\t\t\t<\/div>\n\t\t<\/article>\n\t\t\t\t<article class=\"elementor-post elementor-grid-item post-6000 post type-post status-publish format-standard has-post-thumbnail hentry category-shows-entertainment\" role=\"listitem\">\n\t\t\t<div class=\"elementor-post__card\">\n\t\t\t\t<a class=\"elementor-post__thumbnail__link\" href=\"https:\/\/chimelongoceankingdom.com\/fr\/le-defile-lumineux-du-royaume-oceanique-ou-la-magie-nocturne-se-transforme-en-symphonie-de-la-conservation\/\" tabindex=\"-1\" ><div class=\"elementor-post__thumbnail\"><img loading=\"lazy\" decoding=\"async\" width=\"300\" height=\"156\" src=\"https:\/\/chimelongoceankingdom.com\/wp-content\/uploads\/2026\/02\/Ocean-Kingdom-Journey-of-Lights-Parade-300x156.jpg\" class=\"attachment-medium size-medium wp-image-6004\" alt=\"\" srcset=\"https:\/\/chimelongoceankingdom.com\/wp-content\/uploads\/2026\/02\/Ocean-Kingdom-Journey-of-Lights-Parade-300x156.jpg 300w, https:\/\/chimelongoceankingdom.com\/wp-content\/uploads\/2026\/02\/Ocean-Kingdom-Journey-of-Lights-Parade-1024x532.jpg 1024w, https:\/\/chimelongoceankingdom.com\/wp-content\/uploads\/2026\/02\/Ocean-Kingdom-Journey-of-Lights-Parade-768x399.jpg 768w, https:\/\/chimelongoceankingdom.com\/wp-content\/uploads\/2026\/02\/Ocean-Kingdom-Journey-of-Lights-Parade.jpg 1500w\" sizes=\"(max-width: 300px) 100vw, 300px\" \/><\/div><\/a>\n\t\t\t\t<div class=\"elementor-post__badge\">Spectacles et divertissements<\/div>\n\t\t\t\t<div class=\"elementor-post__text\">\n\t\t\t\t<h3 class=\"elementor-post__title\">\n\t\t\t<a href=\"https:\/\/chimelongoceankingdom.com\/fr\/le-defile-lumineux-du-royaume-oceanique-ou-la-magie-nocturne-se-transforme-en-symphonie-de-la-conservation\/\" >\n\t\t\t\tParade lumineuse d&#039;Ocean Kingdom : quand la magie nocturne se transforme en symphonie pour la conservation\t\t\t<\/a>\n\t\t<\/h3>\n\t\t\n\t\t<a class=\"elementor-post__read-more\" href=\"https:\/\/chimelongoceankingdom.com\/fr\/le-defile-lumineux-du-royaume-oceanique-ou-la-magie-nocturne-se-transforme-en-symphonie-de-la-conservation\/\" aria-label=\"Read more about Ocean Kingdom Journey of Lights Parade: Where Nighttime Magic Becomes a Conservation Symphony\" tabindex=\"-1\" >\n\t\t\tEn savoir plus &quot;\u00bb\t\t<\/a>\n\n\t\t\t\t<\/div>\n\t\t\t\t<div class=\"elementor-post__meta-data\">\n\t\t\t\t\t<span class=\"elementor-post-date\">\n\t\t\t13 f\u00e9vrier 2026\t\t<\/span>\n\t\t\t\t<span class=\"elementor-post-avatar\">\n\t\t\tAucun commentaire\t\t<\/span>\n\t\t\t\t<\/div>\n\t\t\t\t\t<\/div>\n\t\t<\/article>\n\t\t\t\t<\/div>\n\t\t\n\t\t\t\t\t\t<\/div>\n\t\t\t\t<\/div>\n\t\t\t\t\t<\/div>\n\t\t\t\t<\/div>\n\t\t\t\t<\/div>","protected":false},"excerpt":{"rendered":"","protected":false},"author":1,"featured_media":0,"parent":0,"menu_order":0,"comment_status":"closed","ping_status":"closed","template":"","meta":{"footnotes":""},"class_list":["post-6256","page","type-page","status-publish","hentry"],"_links":{"self":[{"href":"https:\/\/chimelongoceankingdom.com\/fr\/wp-json\/wp\/v2\/pages\/6256","targetHints":{"allow":["GET"]}}],"collection":[{"href":"https:\/\/chimelongoceankingdom.com\/fr\/wp-json\/wp\/v2\/pages"}],"about":[{"href":"https:\/\/chimelongoceankingdom.com\/fr\/wp-json\/wp\/v2\/types\/page"}],"author":[{"embeddable":true,"href":"https:\/\/chimelongoceankingdom.com\/fr\/wp-json\/wp\/v2\/users\/1"}],"replies":[{"embeddable":true,"href":"https:\/\/chimelongoceankingdom.com\/fr\/wp-json\/wp\/v2\/comments?post=6256"}],"version-history":[{"count":0,"href":"https:\/\/chimelongoceankingdom.com\/fr\/wp-json\/wp\/v2\/pages\/6256\/revisions"}],"wp:attachment":[{"href":"https:\/\/chimelongoceankingdom.com\/fr\/wp-json\/wp\/v2\/media?parent=6256"}],"curies":[{"name":"wp","href":"https:\/\/api.w.org\/{rel}","templated":true}]}}